{"id":4496,"date":"2025-02-04T11:13:58","date_gmt":"2025-02-04T10:13:58","guid":{"rendered":"https:\/\/posturoshop.com\/impressum\/"},"modified":"2025-07-28T10:00:59","modified_gmt":"2025-07-28T08:00:59","slug":"impressum","status":"publish","type":"page","link":"https:\/\/posturoshop.com\/de\/impressum\/","title":{"rendered":"Impressum"},"content":{"rendered":"\t\t<div data-elementor-type=\"wp-page\" data-elementor-id=\"4496\" class=\"elementor elementor-4496 elementor-4135\" data-elementor-post-type=\"page\">\n\t\t\t\t<div class=\"elementor-element elementor-element-af6c889 e-flex e-con-boxed e-con e-parent\" data-id=\"af6c889\" data-element_type=\"container\" data-e-type=\"container\">\n\t\t\t\t\t<div class=\"e-con-inner\">\n\t\t\t\t<div class=\"elementor-element elementor-element-a61ea97 elementor-widget elementor-widget-text-editor\" data-id=\"a61ea97\" data-element_type=\"widget\" data-e-type=\"widget\" data-widget_type=\"text-editor.default\">\n\t\t\t\t\t\t\t\t\t<div class=\"mentions-legales\">\n<h2>Rechtliche Hinweise<\/h2>\n<h3>1. Herausgeber der Website<\/h3>\n<p><strong>PosturoShop<\/strong> wird herausgegeben von:<\/p>\n<p><strong>KINEPOD S\u00e0rl<\/strong><br \/>Sitz: 69 route de Thionville, L-2611 Luxemburg<br \/>Unternehmens-Identifikationsnummer (IDE): <strong>20112417444<\/strong><br \/>Umsatzsteuer-Identifikationsnummer: <strong>LU24733504<\/strong><br \/>Telefon: <a href=\"tel:+35226123896\">00352 26 12 38 96<\/a><br \/>E-Mail: <a href=\"mailto:secretariat@posturoshop.com\">secretariat@posturoshop.com<\/a><\/p>\n<p>Verantwortlicher f\u00fcr die Ver\u00f6ffentlichung ist <strong>Christophe OTTE<\/strong><\/p>\n<h3>2. Hosting<\/h3>\n<p>Die Website wird gehostet von:<br \/><strong>Infomaniak S.A.<\/strong><br \/>Eug\u00e8ne-Marziano 25.<br \/>1227 Genf<br \/>+41228203541<\/p>\n<h3>3. T\u00e4tigkeit und Haftung<\/h3>\n<h3>3.1 Website-Inhalte<\/h3>\n<\/div>\n<p class=\"pf0\"><strong><span class=\"cf0\">Posturoshop<\/span><\/strong><span class=\"cf0\"> ist eine Online-Verkaufsplattform, die auf <strong>aktive Hilfsmittel zur Haltungsregulierung<\/strong> spezialisiert ist und von der Firma Kin\u00e9pod entwickelt wurde.<\/span><\/p>\n<p class=\"pf0\"><span class=\"cf0\">Sie bietet universelle Produkte an wie <strong>aktive Einlegesohlen, Zahnschienen, Augenbretter und <\/strong><\/span><strong><span class=\"cf0\">orthokinetische B\u00e4nder<\/span><\/strong><span class=\"cf0\">, die den Patienten bei der funktionellen Haltungsregulierung unterst\u00fctzen.<\/span><\/p>\n<p class=\"pf0\"><span class=\"cf0\">Die auf <\/span><span class=\"cf0\">Posturoshop<\/span><span class=\"cf0\"> angebotenen Produkte <strong>ersetzen keinesfalls eine individuelle medizinische Betreuung oder eine Behandlung durch einen qualifizierten Gesundheitsfachmann<\/strong> und sind zur eigenst\u00e4ndigen Nutzung oder auf Empfehlung eines in Orthokinesie geschulten Gesundheitsdienstleisters bestimmt.<\/span><\/p>\n<p>Dem Nutzer wird geraten, bei medizinischen Fragen einen Arzt oder qualifizierten Fachmann zu konsultieren.<\/p>\n<p>Die Firma Kinepod bem\u00fcht sich, die Genauigkeit und Aktualit\u00e4t der auf dieser Website ver\u00f6ffentlichten Informationen sicherzustellen. Sie kann jedoch nicht f\u00fcr direkte oder indirekte Sch\u00e4den haftbar gemacht werden, die sich aus der Nutzung der Website ergeben, insbesondere im Fall von:<\/p>\n<ul>\n<li>Fehlern, Auslassungen oder veralteten Informationen im ver\u00f6ffentlichten Inhalt;<\/li>\n<li>Betr\u00fcgerischer Nutzung der auf der Website verf\u00fcgbaren Informationen durch Dritte.<\/li>\n<\/ul>\n<p>Der Nutzer ist allein verantwortlich f\u00fcr die Auslegung und Nutzung der auf der Website enthaltenen Informationen.<\/p>\n<h3>3.2 Zugang zur Website<\/h3>\n<p>Wir bem\u00fchen uns, den Zugang zur Website rund um die Uhr (24\/7) zu gew\u00e4hrleisten. Wir \u00fcbernehmen jedoch keine Haftung f\u00fcr eine vor\u00fcbergehende Nichtverf\u00fcgbarkeit der Website, insbesondere aus Wartungsgr\u00fcnden, bei Updates oder im Fall h\u00f6herer Gewalt.<\/p>\n<h3>3.3 Externe Links<\/h3>\n<p>Die Website kann Hyperlinks zu Drittseiten enthalten. Wir haben keinen Einfluss auf deren Inhalte und lehnen jegliche Verantwortung f\u00fcr deren Inhalte oder Nutzung ab.<\/p>\n<div class=\"mentions-legales\">\n<h3>4. Geistiges Eigentum<\/h3>\n<p>Alle Elemente der Website (<strong>Texte, Bilder, Logos, Grafiken, Videos<\/strong>) sind urheberrechtlich und durch geistige Eigentumsrechte gesch\u00fctzt. Jegliche Vervielf\u00e4ltigung, Verbreitung oder Nutzung ohne vorherige schriftliche Genehmigung von <strong>KINEPOD S\u00e0rl<\/strong> ist strengstens untersagt.<\/p>\n<h3>5. Schutz personenbezogener Daten<\/h3>\n<p>Die Website Posturoshop erhebt bestimmte personenbezogene Daten im Rahmen einer Bestellung, der Erstellung eines Benutzerkontos oder einer Kontaktaufnahme. Gem\u00e4\u00df der DSGVO und dem Schweizer Datenschutzgesetz (LPD) haben die Nutzer das Recht auf Zugang, Berichtigung und L\u00f6schung ihrer Daten.<\/p>\n<p>F\u00fcr weitere Informationen \u00fcber die erfassten Daten und die Verwaltung personenbezogener Daten konsultieren Sie bitte unsere <a href=\"https:\/\/posturoshop.com\/de\/datenschutzerklaerung\/\" target=\"_blank\" rel=\"noopener\">Datenschutzerkl\u00e4rung<\/a>.<\/p>\n<h2>6. Verwendung von Cookies<\/h2>\n<p>Die Website verwendet auch Cookies, um die Benutzererfahrung zu verbessern und die Navigation zu analysieren. Bitte beachten Sie dazu unsere <a href=\"https:\/\/posturoshop.com\/de\/datenschutzerklaerung\/\" target=\"_blank\" rel=\"noopener\">Datenschutzerkl\u00e4rung<\/a>.<br \/>Diese ist jederzeit \u00fcber unsere Website und \u00fcber das Cookie-Einwilligungsbanner abrufbar.<\/p>\n<h3>7. Verkaufsbedingungen<\/h3>\n<p>Die allgemeinen Verkaufsbedingungen (AGB) regeln die auf der Website durchgef\u00fchrten Transaktionen. Sie sind auf Anfrage oder direkt <a href=\"https:\/\/posturoshop.com\/de\/allgemeine-verkaufsbedingungen\/\">hier<\/a> einsehbar.<\/p>\n<h3>8. Anwendbares Recht und Streitf\u00e4lle<\/h3>\n<p>Diese rechtlichen Hinweise unterliegen dem luxemburgischen Recht. Im Streitfall sind ausschlie\u00dflich die Gerichte in Luxemburg zust\u00e4ndig.<\/p>\n<h2>9. Aktualisierungen der rechtlichen Hinweise<\/h2>\n<p>Diese rechtlichen Hinweise k\u00f6nnen jederzeit und ohne Vorank\u00fcndigung ge\u00e4ndert werden, um die Einhaltung der geltenden Gesetze sicherzustellen oder bei \u00c4nderungen an der Website und den angebotenen Diensten. Der Nutzer wird gebeten, sie regelm\u00e4\u00dfig zu konsultieren.<\/p>\n<p>Die letzte \u00c4nderung wurde am 27. Juli 2025 vorgenommen.<\/p>\n<\/div>\n\t\t\t\t\t\t\t\t<\/div>\n\t\t\t\t\t<\/div>\n\t\t\t\t<\/div>\n\t\t\t\t<\/div>\n\t\t","protected":false},"excerpt":{"rendered":"<p>Rechtliche Hinweise 1. Herausgeber der Website PosturoShop wird herausgegeben von: KINEPOD S\u00e0rlSitz: 69 route de Thionville, L-2611 LuxemburgUnternehmens-Identifikationsnummer (IDE): 20112417444Umsatzsteuer-Identifikationsnummer: [&hellip;]<\/p>\n","protected":false},"author":1,"featured_media":0,"parent":0,"menu_order":0,"comment_status":"closed","ping_status":"closed","template":"","meta":{"_seopress_robots_primary_cat":"","_seopress_titles_title":"","_seopress_titles_desc":"","_seopress_robots_index":"","site-sidebar-layout":"no-sidebar","site-content-layout":"","ast-site-content-layout":"full-width-container","site-content-style":"default","site-sidebar-style":"default","ast-global-header-display":"","ast-banner-title-visibility":"","ast-main-header-display":"","ast-hfb-above-header-display":"","ast-hfb-below-header-display":"","ast-hfb-mobile-header-display":"","site-post-title":"disabled","ast-breadcrumbs-content":"","ast-featured-img":"disabled","footer-sml-layout":"","ast-disable-related-posts":"","theme-transparent-header-meta":"","adv-header-id-meta":"","stick-header-meta":"","header-above-stick-meta":"","header-main-stick-meta":"","header-below-stick-meta":"","astra-migrate-meta-layouts":"default","ast-page-background-enabled":"default","ast-page-background-meta":{"desktop":{"background-color":"var(--ast-global-color-4)","background-image":"","background-repeat":"repeat","background-position":"center center","background-size":"auto","background-attachment":"scroll","background-type":"","background-media":"","overlay-type":"","overlay-color":"","overlay-opacity":"","overlay-gradient":""},"tablet":{"background-color":"","background-image":"","background-repeat":"repeat","background-position":"center center","background-size":"auto","background-attachment":"scroll","background-type":"","background-media":"","overlay-type":"","overlay-color":"","overlay-opacity":"","overlay-gradient":""},"mobile":{"background-color":"","background-image":"","background-repeat":"repeat","background-position":"center center","background-size":"auto","background-attachment":"scroll","background-type":"","background-media":"","overlay-type":"","overlay-color":"","overlay-opacity":"","overlay-gradient":""}},"ast-content-background-meta":{"desktop":{"background-color":"var(--ast-global-color-5)","background-image":"","background-repeat":"repeat","background-position":"center center","background-size":"auto","background-attachment":"scroll","background-type":"","background-media":"","overlay-type":"","overlay-color":"","overlay-opacity":"","overlay-gradient":""},"tablet":{"background-color":"var(--ast-global-color-5)","background-image":"","background-repeat":"repeat","background-position":"center center","background-size":"auto","background-attachment":"scroll","background-type":"","background-media":"","overlay-type":"","overlay-color":"","overlay-opacity":"","overlay-gradient":""},"mobile":{"background-color":"var(--ast-global-color-5)","background-image":"","background-repeat":"repeat","background-position":"center center","background-size":"auto","background-attachment":"scroll","background-type":"","background-media":"","overlay-type":"","overlay-color":"","overlay-opacity":"","overlay-gradient":""}},"footnotes":""},"class_list":["post-4496","page","type-page","status-publish","hentry"],"_links":{"self":[{"href":"https:\/\/posturoshop.com\/de\/wp-json\/wp\/v2\/pages\/4496","targetHints":{"allow":["GET"]}}],"collection":[{"href":"https:\/\/posturoshop.com\/de\/wp-json\/wp\/v2\/pages"}],"about":[{"href":"https:\/\/posturoshop.com\/de\/wp-json\/wp\/v2\/types\/page"}],"author":[{"embeddable":true,"href":"https:\/\/posturoshop.com\/de\/wp-json\/wp\/v2\/users\/1"}],"replies":[{"embeddable":true,"href":"https:\/\/posturoshop.com\/de\/wp-json\/wp\/v2\/comments?post=4496"}],"version-history":[{"count":0,"href":"https:\/\/posturoshop.com\/de\/wp-json\/wp\/v2\/pages\/4496\/revisions"}],"wp:attachment":[{"href":"https:\/\/posturoshop.com\/de\/wp-json\/wp\/v2\/media?parent=4496"}],"curies":[{"name":"wp","href":"https:\/\/api.w.org\/{rel}","templated":true}]}}