{"id":5365,"date":"2025-07-23T11:05:19","date_gmt":"2025-07-23T09:05:19","guid":{"rendered":"https:\/\/posturoshop.com\/datenschutzerklaerung\/"},"modified":"2026-03-27T08:57:16","modified_gmt":"2026-03-27T07:57:16","slug":"datenschutzerklaerung","status":"publish","type":"page","link":"https:\/\/posturoshop.com\/de\/datenschutzerklaerung\/","title":{"rendered":"Datenschutzerkl\u00e4rung"},"content":{"rendered":"\t\t<div data-elementor-type=\"wp-page\" data-elementor-id=\"5365\" class=\"elementor elementor-5365 elementor-5231\" data-elementor-post-type=\"page\">\n\t\t\t\t<div class=\"elementor-element elementor-element-af6c889 e-flex e-con-boxed e-con e-parent\" data-id=\"af6c889\" data-element_type=\"container\" data-e-type=\"container\">\n\t\t\t\t\t<div class=\"e-con-inner\">\n\t\t\t\t<div class=\"elementor-element elementor-element-a61ea97 elementor-widget elementor-widget-text-editor\" data-id=\"a61ea97\" data-element_type=\"widget\" data-e-type=\"widget\" data-widget_type=\"text-editor.default\">\n\t\t\t\t\t\t\t\t\t<div class=\"politique-confidentialite\"><h2>Datenschutzerkl\u00e4rung<\/h2><\/div>\t\t\t\t\t\t\t\t<\/div>\n\t\t\t\t\t<\/div>\n\t\t\t\t<\/div>\n\t\t<div class=\"elementor-element elementor-element-31ef4de e-con-full e-flex e-con e-parent\" data-id=\"31ef4de\" data-element_type=\"container\" data-e-type=\"container\">\n\t\t\t\t<div class=\"elementor-element elementor-element-779b9e1 elementor-widget elementor-widget-text-editor\" data-id=\"779b9e1\" data-element_type=\"widget\" data-e-type=\"widget\" data-widget_type=\"text-editor.default\">\n\t\t\t\t\t\t\t\t\t<div class=\"legal-page\"><h2>1. Einleitung<\/h2>Die Website <a href=\"https:\/\/posturoshop.com\/de\/\">posturoshop.com<\/a>     verwendet Cookies, um die Benutzererfahrung zu verbessern, die ordnungsgem\u00e4\u00dfe Funktion der Website sicherzustellen     und unsere Dienstleistungen zu optimieren.Personenbezogene Daten k\u00f6nnen auch \u00fcber Kontakt- und Anmeldeformulare     erhoben werden, um auf Ihre spezifischen Anfragen zu reagieren.Diese Datenschutzrichtlinie beschreibt die Verwendung     von Cookies, den Umgang mit Ihren personenbezogenen Daten sowie Ihre Rechte im Bereich des Datenschutzes.<h2>2. Was         ist ein Cookie?<\/h2>Ein Cookie ist eine kleine Textdatei, die auf Ihrem Ger\u00e4t (Computer, Tablet, Smartphone)     gespeichert wird, wenn Sie eine Website besuchen. Es dient dazu, Ihr Ger\u00e4t wiederzuerkennen und bestimmte     Informationen zu speichern, um Ihr Surferlebnis zu verbessern und die angebotenen Dienste zu personalisieren.<h2>3.         Zweck und Arten der verwendeten Cookies<\/h2>Wir verwenden Ihre personenbezogenen Daten zu folgenden Zwecken:     <ul>         <li>Unverzichtbare Cookies, die die ordnungsgem\u00e4\u00dfe Funktion der Website gew\u00e4hrleisten.<\/li>         <li>Die von uns gesammelten Informationen helfen uns zu verstehen, wie unsere Website genutzt wird. Dies             erm\u00f6glicht es uns, sie zu verbessern, Funktionen zu erweitern und besser auf die Erwartungen unserer Nutzer             einzugehen.         <\/li>         <li>Diese Daten verbessern zudem die Qualit\u00e4t unseres Services und erleichtern die Kommunikation, um Sie gezielt             zu den gew\u00fcnschten Informationen zu f\u00fchren.         <\/li>     <\/ul>     <h3>3.1 Unbedingt erforderliche Cookies (verpflichtend)<\/h3>Diese Cookies sind f\u00fcr den ordnungsgem\u00e4\u00dfen Betrieb der     Website unerl\u00e4sslich und k\u00f6nnen nicht deaktiviert werden. Sie erm\u00f6glichen insbesondere:     <ul>         <li><strong>Einwilligungsverwaltung<\/strong> mit <a href=\"https:\/\/tarteaucitron.io\">tarteaucitron.io<\/a>             (Tarteaucitron-Cookie)         <\/li>         <li><strong>Kundensitzungs-Cookie<\/strong>: erm\u00f6glicht eine sichere Anmeldung und den Zugriff auf Ihr             Kundenkonto.         <\/li>         <li><strong>Warenkorb-Cookie<\/strong>: speichert den Inhalt Ihres Warenkorbs w\u00e4hrend Ihres Besuchs bis zum             Abschluss der Bestellung.         <\/li>         <li><strong>Einwilligungs-Cookie<\/strong>: speichert Ihre Auswahl in Bezug auf die Annahme oder Ablehnung von             Cookies.         <\/li>         <li><strong>Sicherheits- und Zahlungscookies (Stripe)<\/strong>: werden beim Online-Zahlungsvorgang verwendet, um             die Transaktion zu sichern und Betrug zu verhindern. Diese Cookies werden von Stripe gem\u00e4\u00df ihrer <a                     href=\"https:\/\/stripe.com\/fr\/privacy\" target=\"_blank\"                     rel=\"noopener noreferrer\">Datenschutzrichtlinie<\/a> verwaltet.         <\/li>     <\/ul>     <h3>3.2 Performance- und Analyse-Cookies (optional)<\/h3>Diese Cookies helfen uns, die Besucherzahlen der Website zu     messen und ihre Nutzung zu analysieren, um unsere Dienste zu verbessern. Sie erfassen anonyme Daten \u00fcber besuchte     Seiten, Verweildauer und Herkunft der Besucher.<strong>Verwendete Tools:<\/strong> Google Analytics, Google Tag     Manager<h3>3.3 Personalisierungs- und Werbe-Cookies (optional)<\/h3>Diese Cookies erm\u00f6glichen es, Inhalte an Ihre     Vorlieben anzupassen und das Einkaufserlebnis zu verbessern. Sie k\u00f6nnen auch zur Anzeige gezielter Werbung auf     anderen Plattformen (Facebook, Google Ads) verwendet werden.<strong>Verwendete Tools:<\/strong> Facebook Pixel,     Google Ads, TikTok Ads<h3>3.4 Cookies f\u00fcr soziale Netzwerke (optional)<\/h3>Diese Cookies erm\u00f6glichen die Interaktion     mit Diensten Dritter wie Facebook, Instagram, TikTok, YouTube und LinkedIn. Sie erleichtern das Teilen von Inhalten     und die Anmeldung \u00fcber soziale Netzwerke.<strong>Verwendete Tools:<\/strong> Facebook-, Instagram-Widgets und andere     soziale Plattformen<h3>3.5 Drittanbieter-Cookies (Google Maps, YouTube, Dailymotion usw.)<\/h3>Unsere Website kann     Inhalte von Drittanbietern wie Google Maps oder Video-Streaming-Plattformen wie YouTube und Dailymotion integrieren.     Diese Dienste k\u00f6nnen Cookies auf Ihrem Ger\u00e4t setzen, um ihre Funktionen sicherzustellen.<strong>Betroffene         Dienste:<\/strong>     <ul>         <li><strong>Google Maps:<\/strong> Anzeige interaktiver Karten, um unsere Standorte zu finden und zu             kontaktieren.         <\/li>         <li><strong>YouTube, Dailymotion:<\/strong> Integration von Videos zur Bereicherung der Website-Inhalte.<\/li>     <\/ul>     <h3>3.6 Cookies zum Schutz vor Bots (Cloudflare Turnstile)<\/h3>Zur Absicherung unserer Formulare gegen     automatisierte Eingaben nutzen wir Cloudflare Turnstile.Beim Absenden eines Formulars kann Turnstile technische     Daten (wie IP-Adresse, Browsereinstellungen, Mausbewegungen) zum Zweck der automatischen Erkennung erfassen.Diese     Daten werden von Cloudflare als Auftragsverarbeiter gem\u00e4\u00df der DSGVO verarbeitet. Weitere Informationen finden Sie in     der <a href=\"https:\/\/www.cloudflare.com\/fr-fr\/privacypolicy\/\" target=\"_blank\" rel=\"noopener noreferrer\">Datenschutzrichtlinie         von Cloudflare<\/a>. <h3>3.7 Nutzung eines KI-Chatbots<\/h3>     <p>Die Website <strong><a href=\"https:\/\/posturoshop.com\/de\/\">posturoshop.com<\/a><\/strong> verf\u00fcgt \u00fcber einen <strong>konversationellen             Chatbot<\/strong>, der auf <strong>k\u00fcnstlicher Intelligenz (KI)<\/strong> basiert und von der Firma <a                 href=\"https:\/\/www.limova.ai\">Limova.ai<\/a> bereitgestellt wird.<\/p>     <p>Die mit diesem Chatbot gef\u00fchrten Gespr\u00e4che k\u00f6nnen von der Plattform <a href=\"https:\/\/www.limova.ai\">Limova.ai<\/a>         zum Zwecke der Serviceoptimierung und\/oder des algorithmischen Lernens verarbeitet, aufgezeichnet oder         analysiert werden. Folglich k\u00f6nnen <strong>bestimmte Informationen, die Sie \u00fcber diesen Kanal \u00fcbermitteln,             au\u00dferhalb der direkten Kontrolle von <a href=\"https:\/\/posturoshop.com\/de\/\">posturoshop.com<\/a> verarbeitet             werden<\/strong>.<\/p>     <p><strong><a href=\"https:\/\/posturoshop.com\/de\/\">posturoshop.com<\/a> verpflichtet sich, \u00fcber diesen Chatbot keine             sensiblen personenbezogenen Daten zu erheben<\/strong>, und empfiehlt Ihnen, in Ihren Gespr\u00e4chen mit dem         Chatbot <strong>keine medizinischen, identifizierenden oder vertraulichen Informationen preiszugeben<\/strong>.     <\/p>     <p>In \u00dcbereinstimmung mit unserer Transparenzpolitik und der Einhaltung der Datenschutz-Grundverordnung (DSGVO)         informieren wir Sie dar\u00fcber, dass:<\/p>     <ul>         <li>Die Nutzung des Chatbots <strong>optional<\/strong> ist;<\/li>         <li>Der Austausch von <a href=\"https:\/\/www.limova.ai\">Limova.ai<\/a> in seiner Eigenschaft als <strong>Auftragsverarbeiter                 oder unabh\u00e4ngiger technischer Dienstleister<\/strong> verarbeitet werden kann;         <\/li>         <li><strong><a href=\"https:\/\/posturoshop.com\/de\/\">posturoshop.com<\/a><\/strong> sowie die Gesellschaft O2TE S\u00e0rl             nicht f\u00fcr die vom KI-System automatisch generierten Antworten haftbar gemacht werden k\u00f6nnen, die als rein             informativ zu betrachten sind und keinesfalls eine personalisierte medizinische Beratung darstellen.         <\/li>     <\/ul>     <p>Wir laden Sie ein, die <strong>Datenschutzrichtlinie<\/strong> von <a href=\"https:\/\/www.limova.ai\">Limova.ai<\/a>         zu konsultieren, um zu verstehen, wie Ihre Daten von diesem externen Anbieter verwendet und gesch\u00fctzt werden         k\u00f6nnen: <a href=\"https:\/\/www.limova.ai\/legal\/politique-de-traitement-des-donnees\">https:\/\/www.limova.ai\/legal\/politique-de-traitement-des-donnees<\/a>     <\/p>     <h3>3.8 Datennutzung durch Google-Dienste<\/h3>     <p> Unsere Website nutzt Dienste von Google (wie Google Analytics, Google Maps oder Google Ads). Um transparent         nachvollziehen zu k\u00f6nnen, wie Google Ihre personenbezogenen Daten erhebt, verarbeitet und sch\u00fctzt, wenn Sie auf         unserer Plattform Ihre Einwilligung erteilen, laden wir Sie ein, die offizielle Website zu konsultieren: <br> <a                 href=\"https:\/\/business.safety.google\/privacy\/\" target=\"_blank\" rel=\"noopener noreferrer\"                 style=\"font-weight: bold; text-decoration: underline;\"> Datenschutzerkl\u00e4rung und Verantwortung f\u00fcr             Unternehmensdaten von Google <\/a>. <\/p>     <h2>4. Einwilligungsverwaltung mit Tarteaucitron.io<\/h2>Beim ersten Besuch auf <a href=\"https:\/\/posturoshop.com\/de\/\">posturoshop.com<\/a>     erscheint ein Banner, das \u00fcber die Verwendung von Cookies informiert und Ihnen erm\u00f6glicht, bestimmte Kategorien \u00fcber     unser Cookie-Management-Tool zu akzeptieren oder abzulehnen.Sie k\u00f6nnen jederzeit:     <ul>         <li>Ihre Einstellungen \u00fcber die Schaltfl\u00e4che \u201eCookie-Verwaltung\u201c am unteren Rand der Seite \u00e4ndern.<\/li>         <li>Cookies \u00fcber die Einstellungen Ihres Browsers (Chrome, Firefox, Safari, Edge) l\u00f6schen.<\/li>     <\/ul>     <h2>5. Speicherdauer der Cookies<\/h2>Cookies werden maximal 13 Monate gespeichert. Danach wird Ihre Einwilligung     erneut eingeholt.<h2>6. Weitergabe gesammelter Daten<\/h2>Einige Analyse- und Werbe-Cookies auf unserer Website     f\u00fchren zur \u00dcbertragung von Daten an Drittanbieter. Durch die Aktivierung dieser Cookies stimmen Sie deren Nutzung     gem\u00e4\u00df den jeweiligen Datenschutzrichtlinien zu.Diese Cookies sind optional. Alle Informationen zu den verwendeten     Drittanbieterdiensten sowie Links zu deren Datenschutzrichtlinien sind \u00fcber unser Cookie-Banner einsehbar und k\u00f6nnen     jederzeit aktiviert\/deaktiviert werden.<h2>7. \u00dcber Formulare erhobene personenbezogene Daten<\/h2><strong>Vertraulichkeit:<\/strong>     Ihre \u00fcber unsere Formulare \u00fcbermittelten Daten <strong>werden niemals weitergegeben, verkauft oder f\u00fcr andere Zwecke         als zur Bearbeitung Ihrer Anfrage verwendet<\/strong>. Sie bleiben ausschlie\u00dflich intern.<h3>7.1 Daten aus         Kontaktformularen<\/h3>Bei der Nutzung unserer Kontaktformulare erfassen wir folgende Informationen:     <ul>         <li>Vor- und Nachname<\/li>         <li>E-Mail-Adresse<\/li>     <\/ul>     <strong>Zweck:<\/strong> Diese Daten werden ausschlie\u00dflich verwendet, um auf Ihre Anfrage zu antworten.<h3>7.2 Daten         f\u00fcr den Newsletter<\/h3>F\u00fcr die Anmeldung zum Newsletter ist lediglich die E-Mail-Adresse erforderlich.<strong>Zweck:<\/strong>     Diese Angabe dient ausschlie\u00dflich dem Versand des Newsletters.<strong>Abmeldung:<\/strong> Sie k\u00f6nnen sich jederzeit     \u00fcber den Link in jedem Newsletter oder direkt per E-Mail abmelden.<h3>8. Kundenkonto und Bestellungen<\/h3>Bei der     Erstellung eines Kundenkontos oder der Aufgabe einer Bestellung auf <strong>posturoshop<\/strong> erfassen und     verarbeiten wir folgende Daten:     <ul>         <li>Vor- und Nachname<\/li>         <li>Liefer- und Rechnungsadresse<\/li>         <li>E-Mail-Adresse<\/li>         <li>Telefonnummer<\/li>         <li>Bestelldetails (Produkte, Menge, Betrag)<\/li>         <li>Bestell- und R\u00fccksendehistorie<\/li>         <li>Sendungsverfolgung<\/li>     <\/ul>     <strong>Zweck:<\/strong> Verwaltung Ihres Kontos, Bearbeitung und Lieferung Ihrer Bestellungen, Kundenservice und     After-Sales-Support<strong>Vertragliche Voraussetzung:<\/strong> Ohne diese Daten ist eine Kontoerstellung oder     Bestellung nicht m\u00f6glich.<h2>9. Online-Zahlung und Sicherheit<\/h2>F\u00fcr Zahlungen verwendet     <strong>posturoshop.com<\/strong> die sichere Plattform <strong>Stripe<\/strong>.Ihre Zahlungsdaten werden bei der     Bestellbest\u00e4tigung direkt und sicher an Stripe \u00fcbermittelt.<strong>Keine Bankdaten (Kartennummer, Sicherheitscode)         werden auf unseren Servern gespeichert.<\/strong>Stripe handelt als Auftragsverarbeiter gem\u00e4\u00df der DSGVO. Weitere     Informationen zum Umgang mit Zahlungsdaten finden Sie in der<a href=\"https:\/\/stripe.com\/fr\/privacy\" target=\"_blank\"                                                                    rel=\"noopener noreferrer\">Datenschutzrichtlinie von         Stripe<\/a>.Bei Fragen zu Zahlungen kontaktieren Sie uns bitte unter <a             href=\"mailto:secretariat@posturoshop.com\">secretariat@posturoshop.com<\/a>.<h2>10. Lieferung und         Versandpartner<\/h2>F\u00fcr die Zustellung Ihrer Bestellungen werden bestimmte personenbezogene Daten (Name, Adresse,     Telefonnummer, E-Mail) ausschlie\u00dflich f\u00fcr den Versand an unsere Logistikpartner weitergegeben.Diese handeln als     Auftragsverarbeiter im Sinne der DSGVO und verwenden Ihre Daten ausschlie\u00dflich zum Zweck der Lieferung.Weitere     Informationen finden Sie in unseren <a href=\"https:\/\/posturoshop.com\/de\/allgemeine-verkaufsbedingungen\/\" target=\"_blank\"                                            rel=\"noopener noreferrer\">Allgemeinen Gesch\u00e4ftsbedingungen<\/a>.<h2>11.         Rechtsgrundlage der Datenverarbeitung<\/h2>Gem\u00e4\u00df Artikel 6 der DSGVO basiert die Verarbeitung Ihrer Daten auf     unterschiedlichen rechtlichen Grundlagen, je nach Zweck:     <ul>         <li><strong>Ihre Einwilligung:<\/strong> z.\u202fB. f\u00fcr nicht-essenzielle Cookies (Analyse, Werbung). Diese kann             jederzeit widerrufen werden.         <\/li>         <li><strong>Vertragserf\u00fcllung:<\/strong> z.\u202fB. zur Bearbeitung von Anfragen \u00fcber Kontaktformulare oder zur             Abwicklung von Bestellungen.         <\/li>         <li><strong>Gesetzliche Verpflichtung:<\/strong> z.\u202fB. zur Speicherung bestimmter Daten gem\u00e4\u00df steuerlichen oder             medizinischen Vorschriften.         <\/li>         <li><strong>Berechtigtes Interesse:<\/strong> z.\u202fB. zur Sicherheit der Website, Verbesserung der             Benutzerfreundlichkeit oder Erstellung anonymisierter Statistiken.         <\/li>     <\/ul>     <h2>12. Datensicherheit<\/h2>Wir setzen technische und organisatorische Ma\u00dfnahmen ein, um Ihre Daten vor unbefugtem     Zugriff, Ver\u00e4nderung oder Verlust zu sch\u00fctzen:     <ul>         <li>Verschl\u00fcsselung sensibler Daten<\/li>         <li>Speicherung auf sicheren Servern in Europa<\/li>         <li>Regelm\u00e4\u00dfige System- und Prozesspr\u00fcfungen<\/li>     <\/ul>     <h2>13. Aufbewahrung der Daten<\/h2>Wir speichern Ihre Daten nur so lange, wie es zur Erf\u00fcllung des Zwecks oder     gesetzlicher Pflichten erforderlich ist. Danach oder bei Widerruf Ihrer Einwilligung werden sie gel\u00f6scht.     <ul>         <li><strong>Kundenkonto:<\/strong> Daten werden so lange gespeichert, wie das Konto aktiv ist. Nach L\u00f6schung des             Kontos werden die Daten entfernt, es sei denn, gesetzliche Aufbewahrungspflichten bestehen.         <\/li>         <li><strong>Bestell- und Rechnungsdaten:<\/strong> werden <strong>10 Jahre<\/strong> gem\u00e4\u00df steuerrechtlichen             Vorschriften aufbewahrt.         <\/li>     <\/ul>     <h2>14. Ihre Rechte &amp; Kontakt<\/h2>Gem\u00e4\u00df der DSGVO haben Sie folgende Rechte:     <ul>         <li><strong>Auskunftsrecht (Art. 15):<\/strong> Einsicht und Kopie Ihrer personenbezogenen Daten<\/li>         <li><strong>Recht auf Berichtigung (Art. 16):<\/strong> Korrektur unrichtiger oder unvollst\u00e4ndiger Daten<\/li>         <li><strong>Recht auf L\u00f6schung (Art. 17):<\/strong> Datenl\u00f6schung, sofern keine gesetzliche Aufbewahrungspflicht             besteht         <\/li>         <li><strong>Recht auf Einschr\u00e4nkung (Art. 18):<\/strong> Einschr\u00e4nkung der Verarbeitung unter bestimmten             Voraussetzungen         <\/li>         <li><strong>Recht auf Benachrichtigung (Art. 19):<\/strong> Information \u00fcber Berichtigung, L\u00f6schung oder             Einschr\u00e4nkung der Verarbeitung         <\/li>         <li><strong>Recht auf Daten\u00fcbertragbarkeit (Art. 20):<\/strong> \u00dcbermittlung Ihrer Daten in maschinenlesbarem             Format         <\/li>         <li><strong>Widerspruchsrecht (Art. 21):<\/strong> Widerspruch gegen Datenverarbeitung, insbesondere zu             Werbezwecken         <\/li>         <li><strong>Recht auf automatisierte Entscheidungsfindung (Art. 22):<\/strong> Nicht ausschlie\u00dflich             automatisierten Entscheidungen unterworfen zu sein         <\/li>     <\/ul>     Zur Aus\u00fcbung Ihrer Rechte wenden Sie sich bitte an unseren Datenschutzbeauftragten <strong>Louis Thielen<\/strong>     unter <a href=\"mailto:secretariat@posturoshop.com\">secretariat@posturoshop.com<\/a>.Weitere Informationen finden Sie     in der <a href=\"https:\/\/eur-lex.europa.eu\/legal-content\/DE\/TXT\/?uri=CELEX%3A32016R0679\" target=\"_blank\"               rel=\"noopener\">Datenschutz-Grundverordnung (DSGVO)<\/a>.<h2>15. Minderj\u00e4hrige und Datenschutz<\/h2>Unsere     Dienste richten sich nicht an Personen unter 18 Jahren ohne elterliche Zustimmung. Sollten uns Daten von     Minderj\u00e4hrigen bekannt werden, werden diese umgehend gel\u00f6scht.<h2>16. \u00c4nderungen der Datenschutzrichtlinie<\/h2>Diese     Datenschutzrichtlinie kann jederzeit ohne Vorank\u00fcndigung ge\u00e4ndert werden, um gesetzlichen Anforderungen oder     \u00c4nderungen der Dienste gerecht zu werden. Nutzer sollten sie regelm\u00e4\u00dfig einsehen.Letzte \u00c4nderung am 26.03.2026.<h2>         17. Unsere Kontaktdaten<\/h2><strong>KINEPOD S\u00e0rl<\/strong>69 route de Thionville,L-2611     LuxemburgLuxemburgUnternehmensnummer (IDE): 20112417444USt-IdNr.: LU24733504Telefon: <a href=\"tel:+35226123896\">00352         26 12 38 96<\/a>E-Mail: <a href=\"mailto:secretariat@posturoshop.com\">secretariat@posturoshop.com<\/a><\/div>\t\t\t\t\t\t\t\t<\/div>\n\t\t\t\t<\/div>\n\t\t\t\t<\/div>\n\t\t","protected":false},"excerpt":{"rendered":"<p>Datenschutzerkl\u00e4rung 1. Einleitung Die Website posturoshop.com verwendet Cookies, um die Benutzererfahrung zu verbessern, die ordnungsgem\u00e4\u00dfe Funktion der Website sicherzustellen und [&hellip;]<\/p>\n","protected":false},"author":72,"featured_media":0,"parent":0,"menu_order":0,"comment_status":"closed","ping_status":"closed","template":"","meta":{"_seopress_robots_primary_cat":"","_seopress_titles_title":"","_seopress_titles_desc":"","_seopress_robots_index":"","site-sidebar-layout":"no-sidebar","site-content-layout":"","ast-site-content-layout":"full-width-container","site-content-style":"default","site-sidebar-style":"default","ast-global-header-display":"","ast-banner-title-visibility":"","ast-main-header-display":"","ast-hfb-above-header-display":"","ast-hfb-below-header-display":"","ast-hfb-mobile-header-display":"","site-post-title":"disabled","ast-breadcrumbs-content":"","ast-featured-img":"disabled","footer-sml-layout":"","ast-disable-related-posts":"","theme-transparent-header-meta":"default","adv-header-id-meta":"","stick-header-meta":"","header-above-stick-meta":"","header-main-stick-meta":"","header-below-stick-meta":"","astra-migrate-meta-layouts":"default","ast-page-background-enabled":"default","ast-page-background-meta":{"desktop":{"background-color":"var(--ast-global-color-4)","background-image":"","background-repeat":"repeat","background-position":"center center","background-size":"auto","background-attachment":"scroll","background-type":"","background-media":"","overlay-type":"","overlay-color":"","overlay-opacity":"","overlay-gradient":""},"tablet":{"background-color":"","background-image":"","background-repeat":"repeat","background-position":"center center","background-size":"auto","background-attachment":"scroll","background-type":"","background-media":"","overlay-type":"","overlay-color":"","overlay-opacity":"","overlay-gradient":""},"mobile":{"background-color":"","background-image":"","background-repeat":"repeat","background-position":"center center","background-size":"auto","background-attachment":"scroll","background-type":"","background-media":"","overlay-type":"","overlay-color":"","overlay-opacity":"","overlay-gradient":""}},"ast-content-background-meta":{"desktop":{"background-color":"var(--ast-global-color-5)","background-image":"","background-repeat":"repeat","background-position":"center center","background-size":"auto","background-attachment":"scroll","background-type":"","background-media":"","overlay-type":"","overlay-color":"","overlay-opacity":"","overlay-gradient":""},"tablet":{"background-color":"var(--ast-global-color-5)","background-image":"","background-repeat":"repeat","background-position":"center center","background-size":"auto","background-attachment":"scroll","background-type":"","background-media":"","overlay-type":"","overlay-color":"","overlay-opacity":"","overlay-gradient":""},"mobile":{"background-color":"var(--ast-global-color-5)","background-image":"","background-repeat":"repeat","background-position":"center center","background-size":"auto","background-attachment":"scroll","background-type":"","background-media":"","overlay-type":"","overlay-color":"","overlay-opacity":"","overlay-gradient":""}},"footnotes":""},"class_list":["post-5365","page","type-page","status-publish","hentry"],"_links":{"self":[{"href":"https:\/\/posturoshop.com\/de\/wp-json\/wp\/v2\/pages\/5365","targetHints":{"allow":["GET"]}}],"collection":[{"href":"https:\/\/posturoshop.com\/de\/wp-json\/wp\/v2\/pages"}],"about":[{"href":"https:\/\/posturoshop.com\/de\/wp-json\/wp\/v2\/types\/page"}],"author":[{"embeddable":true,"href":"https:\/\/posturoshop.com\/de\/wp-json\/wp\/v2\/users\/72"}],"replies":[{"embeddable":true,"href":"https:\/\/posturoshop.com\/de\/wp-json\/wp\/v2\/comments?post=5365"}],"version-history":[{"count":5,"href":"https:\/\/posturoshop.com\/de\/wp-json\/wp\/v2\/pages\/5365\/revisions"}],"predecessor-version":[{"id":9007,"href":"https:\/\/posturoshop.com\/de\/wp-json\/wp\/v2\/pages\/5365\/revisions\/9007"}],"wp:attachment":[{"href":"https:\/\/posturoshop.com\/de\/wp-json\/wp\/v2\/media?parent=5365"}],"curies":[{"name":"wp","href":"https:\/\/api.w.org\/{rel}","templated":true}]}}