{"id":5370,"date":"2024-07-01T19:41:38","date_gmt":"2024-07-01T17:41:38","guid":{"rendered":"https:\/\/posturoshop.com\/allgemeine-verkaufsbedingungen\/"},"modified":"2025-07-28T09:44:32","modified_gmt":"2025-07-28T07:44:32","slug":"allgemeine-verkaufsbedingungen","status":"publish","type":"page","link":"https:\/\/posturoshop.com\/de\/allgemeine-verkaufsbedingungen\/","title":{"rendered":"Allgemeine Verkaufsbedingungen"},"content":{"rendered":"\t\t<div data-elementor-type=\"wp-page\" data-elementor-id=\"5370\" class=\"elementor elementor-5370 elementor-597\" data-elementor-post-type=\"page\">\n\t\t\t\t<div class=\"elementor-element elementor-element-5f8cf83 e-flex e-con-boxed e-con e-parent\" data-id=\"5f8cf83\" data-element_type=\"container\" data-e-type=\"container\" data-settings=\"{&quot;background_background&quot;:&quot;classic&quot;}\">\n\t\t\t\t\t<div class=\"e-con-inner\">\n\t\t<div class=\"elementor-element elementor-element-e467384 e-con-full e-flex e-con e-child\" data-id=\"e467384\" data-element_type=\"container\" data-e-type=\"container\">\n\t\t\t\t<div class=\"elementor-element elementor-element-205381a elementor-widget-tablet__width-inherit elementor-widget elementor-widget-heading\" data-id=\"205381a\" data-element_type=\"widget\" data-e-type=\"widget\" data-widget_type=\"heading.default\">\n\t\t\t\t\t<h2 class=\"elementor-heading-title elementor-size-default\">Gegenstand<\/h2>\t\t\t\t<\/div>\n\t\t\t\t<div class=\"elementor-element elementor-element-a6f791e elementor-widget-tablet__width-inherit elementor-widget__width-initial elementor-widget elementor-widget-text-editor\" data-id=\"a6f791e\" data-element_type=\"widget\" data-e-type=\"widget\" data-widget_type=\"text-editor.default\">\n\t\t\t\t\t\t\t\t\t<p>Die vorliegenden Verkaufsbedingungen sollen die vertraglichen Beziehungen zwischen dem Onlineshop \u201ePosturoshop\u201c und dem K\u00e4ufer sowie die anwendbaren Bedingungen f\u00fcr jeden Kauf \u00fcber die Verkaufsplattform \u201ePosturoshop\u201c definieren, unabh\u00e4ngig davon, ob der K\u00e4ufer ein Gewerbetreibender oder ein Verbraucher ist.<br \/>\nDer Erwerb eines Produkts oder einer Dienstleistung \u00fcber diese Website setzt die uneingeschr\u00e4nkte Zustimmung des K\u00e4ufers zu den vorliegenden Verkaufsbedingungen voraus.<br \/>\nDiese Verkaufsbedingungen haben Vorrang vor allen anderen allgemeinen oder besonderen Bedingungen, die nicht ausdr\u00fccklich vom Onlineshop \u201ePosturoshop\u201c akzeptiert wurden.<br \/>\n\u201ePosturoshop\u201c beh\u00e4lt sich das Recht vor, seine Verkaufsbedingungen jederzeit zu \u00e4ndern. In einem solchen Fall gelten die Bedingungen, die zum Zeitpunkt der Bestellung durch den K\u00e4ufer auf der Website in Kraft sind.<\/p>\n\t\t\t\t\t\t\t\t<\/div>\n\t\t\t\t<div class=\"elementor-element elementor-element-94a48f8 elementor-widget-tablet__width-inherit elementor-widget elementor-widget-heading\" data-id=\"94a48f8\" data-element_type=\"widget\" data-e-type=\"widget\" data-widget_type=\"heading.default\">\n\t\t\t\t\t<h2 class=\"elementor-heading-title elementor-size-default\">Merkmale der angebotenen Waren und Dienstleistungen<\/h2>\t\t\t\t<\/div>\n\t\t\t\t<div class=\"elementor-element elementor-element-eff23c5 elementor-widget-tablet__width-inherit elementor-widget__width-initial elementor-widget elementor-widget-text-editor\" data-id=\"eff23c5\" data-element_type=\"widget\" data-e-type=\"widget\" data-widget_type=\"text-editor.default\">\n\t\t\t\t\t\t\t\t\t<p>Die angebotenen Produkte und Dienstleistungen sind diejenigen, die im Katalog auf der Website \u201e<a class=\"cursor-pointer\" target=\"_new\" rel=\"noopener\">www.posturoshop.com\u201c<\/a> des Labors Kin\u00e9pod aufgef\u00fchrt sind. Diese Produkte und Dienstleistungen werden vorbehaltlich der Verf\u00fcgbarkeit angeboten.<br data-start=\"358\" data-end=\"361\" \/>Jedes Produkt ist mit einer vom Anbieter erstellten Beschreibung versehen.<br data-start=\"435\" data-end=\"438\" \/>Die Fotos im Katalog sind so originalgetreu wie m\u00f6glich, k\u00f6nnen jedoch keine perfekte \u00dcbereinstimmung mit dem angebotenen Produkt garantieren, insbesondere in Bezug auf Farben.<\/p>\n\t\t\t\t\t\t\t\t<\/div>\n\t\t\t\t<div class=\"elementor-element elementor-element-d55335d elementor-widget-tablet__width-inherit elementor-widget elementor-widget-heading\" data-id=\"d55335d\" data-element_type=\"widget\" data-e-type=\"widget\" data-widget_type=\"heading.default\">\n\t\t\t\t\t<h2 class=\"elementor-heading-title elementor-size-default\">Preise<\/h2>\t\t\t\t<\/div>\n\t\t\t\t<div class=\"elementor-element elementor-element-3f3552a elementor-widget-tablet__width-inherit elementor-widget__width-initial elementor-widget elementor-widget-text-editor\" data-id=\"3f3552a\" data-element_type=\"widget\" data-e-type=\"widget\" data-widget_type=\"text-editor.default\">\n\t\t\t\t\t\t\t\t\t<p>Die im Katalog angegebenen Preise sind Bruttopreise in Euro (\u20ac), einschlie\u00dflich der am Tag der Bestellung geltenden Mehrwertsteuer (MwSt.); jede \u00c4nderung des Mehrwertsteuersatzes kann auf den Preis der Produkte oder Dienstleistungen \u00fcbertragen werden.<br data-start=\"332\" data-end=\"335\" \/>Der Onlineshop \u201ePosturoshop\u201c beh\u00e4lt sich das Recht vor, seine Preise jederzeit zu \u00e4ndern, wobei jedoch der am Tag der Bestellung auf der Website angegebene Katalogpreis der einzig g\u00fcltige Preis f\u00fcr den K\u00e4ufer ist (vorausgesetzt, es liegt kein Computerfehler vor, der einen Preis anzeigt, der erheblich vom tats\u00e4chlichen Katalogpreis abweicht).<br data-start=\"678\" data-end=\"681\" \/>Die angegebenen Preise beinhalten die Kosten f\u00fcr Bestellbearbeitung, Transport und Lieferung, sofern diese in den nachfolgend genannten geografischen Zonen erfolgen.<\/p>\n\t\t\t\t\t\t\t\t<\/div>\n\t\t\t\t<div class=\"elementor-element elementor-element-59f712e elementor-widget-tablet__width-inherit elementor-widget elementor-widget-heading\" data-id=\"59f712e\" data-element_type=\"widget\" data-e-type=\"widget\" data-widget_type=\"heading.default\">\n\t\t\t\t\t<h2 class=\"elementor-heading-title elementor-size-default\">Lieferung<\/h2>\t\t\t\t<\/div>\n\t\t\t\t<div class=\"elementor-element elementor-element-7aa9f82 elementor-widget-tablet__width-inherit elementor-widget__width-initial elementor-widget elementor-widget-text-editor\" data-id=\"7aa9f82\" data-element_type=\"widget\" data-e-type=\"widget\" data-widget_type=\"text-editor.default\">\n\t\t\t\t\t\t\t\t\t<p>Der Onlineverkauf der auf der Website pr\u00e4sentierten Produkte ist K\u00e4ufern vorbehalten, die in Frankreich, in der Europ\u00e4ischen Union oder au\u00dferhalb der Europ\u00e4ischen Union wohnen, und f\u00fcr Lieferungen, die in diese geografischen Zonen erfolgen, unter Ber\u00fccksichtigung der jeweils geltenden Versandkosten.<\/p>\n\t\t\t\t\t\t\t\t<\/div>\n\t\t\t\t<div class=\"elementor-element elementor-element-4f0b039 elementor-widget-tablet__width-inherit elementor-widget elementor-widget-heading\" data-id=\"4f0b039\" data-element_type=\"widget\" data-e-type=\"widget\" data-widget_type=\"heading.default\">\n\t\t\t\t\t<h2 class=\"elementor-heading-title elementor-size-default\">Bestellungen<\/h2>\t\t\t\t<\/div>\n\t\t\t\t<div class=\"elementor-element elementor-element-215557e elementor-widget-tablet__width-inherit elementor-widget__width-initial elementor-widget elementor-widget-text-editor\" data-id=\"215557e\" data-element_type=\"widget\" data-e-type=\"widget\" data-widget_type=\"text-editor.default\">\n\t\t\t\t\t\t\t\t\t<p>Der K\u00e4ufer, der ein Produkt oder eine Dienstleistung erwerben m\u00f6chte, muss zwingend:<\/p>\n<ul>\n<li>Seine Kundennummer angeben, sofern vorhanden, oder seine Zugangsdaten eingeben,<\/li>\n<li>Das Identifikationsformular ausf\u00fcllen (alle erforderlichen Felder ausf\u00fcllen),<\/li>\n<li>Alle Referenzen der gew\u00e4hlten Produkte oder Dienstleistungen sowie die Mengen \u00fcberpr\u00fcfen,<\/li>\n<li>Die Bestellung best\u00e4tigen und die Zahlung gem\u00e4\u00df den vorgesehenen Bedingungen vornehmen,<\/li>\n<li>Die Bestellung abschlie\u00dfend best\u00e4tigen und die Zahlung durchf\u00fchren.<\/li>\n<\/ul>\n<p>Die Best\u00e4tigung der Bestellung bedeutet die Annahme der vorliegenden Verkaufsbedingungen, das ausdr\u00fcckliche Anerkenntnis ihrer vollst\u00e4ndigen Kenntnis sowie den Verzicht darauf, sich auf eigene Einkaufsbedingungen oder andere Bedingungen zu berufen.<br \/>\nAlle \u00fcbermittelten Daten und die aufgezeichnete Best\u00e4tigung gelten als Nachweis der Transaktion; die Best\u00e4tigung gilt als Unterschrift und Anerkennung der durchgef\u00fchrten Vorg\u00e4nge.<br \/>\nDer Onlineshop \u201ePosturoshop\u201c wird dem K\u00e4ufer die registrierte Bestellung per E-Mail best\u00e4tigen (an die angegebene E-Mail-Adresse).<\/p>\n\t\t\t\t\t\t\t\t<\/div>\n\t\t\t\t<div class=\"elementor-element elementor-element-83fdf56 elementor-widget-tablet__width-inherit elementor-widget elementor-widget-heading\" data-id=\"83fdf56\" data-element_type=\"widget\" data-e-type=\"widget\" data-widget_type=\"heading.default\">\n\t\t\t\t\t<h2 class=\"elementor-heading-title elementor-size-default\">Widerrufsrecht<\/h2>\t\t\t\t<\/div>\n\t\t\t\t<div class=\"elementor-element elementor-element-3b23e51 elementor-widget-tablet__width-inherit elementor-widget__width-initial elementor-widget elementor-widget-text-editor\" data-id=\"3b23e51\" data-element_type=\"widget\" data-e-type=\"widget\" data-widget_type=\"text-editor.default\">\n\t\t\t\t\t\t\t\t\t<p data-start=\"95\" data-end=\"635\">K\u00e4ufer, die nat\u00fcrliche Personen und keine gewerblichen Kunden sind, haben ein Widerrufsrecht von vierzehn Tagen ab dem Lieferdatum ihrer Bestellung, um das Produkt an den Verk\u00e4ufer zur\u00fcckzusenden \u2013 zum Umtausch oder zur Erstattung \u2013 ohne Vertragsstrafe, jedoch mit Ausnahme der Transportkosten (die vollst\u00e4ndig vom Kunden zu tragen sind).<br data-start=\"433\" data-end=\"436\" \/>Das zur\u00fcckgesandte Produkt muss sich jedoch in der Originalverpackung befinden und darf nicht benutzt worden sein (gem\u00e4\u00df Art. L. 222-9 und Art. L. 222-10 des franz\u00f6sischen Verbraucherschutzgesetzes).<\/p>\n<p data-start=\"637\" data-end=\"1096\">Aus hygienischen und gesundheitlichen Gr\u00fcnden k\u00f6nnen Mundorthesen und Mundaktivatoren nach dem Kauf nicht zur\u00fcckgegeben werden.<br data-start=\"764\" data-end=\"767\" \/>Um Ihnen bei der Auswahl des passenden Modells zu helfen, finden Sie in der Beschreibung jedes Produkts einen entsprechenden Leitfaden.<br data-start=\"902\" data-end=\"905\" \/>Sollte Ihnen dieses Dokument keine ausreichende Entscheidungshilfe bieten, z\u00f6gern Sie nicht, uns per E-Mail (<a class=\"cursor-pointer\" rel=\"noopener\" data-start=\"1014\" data-end=\"1041\">secretariat@posturoshop.com<\/a>) oder telefonisch (00352 26 12 38 96) zu kontaktieren.<\/p>\n\t\t\t\t\t\t\t\t<\/div>\n\t\t\t\t<div class=\"elementor-element elementor-element-c7f6e62 elementor-widget-tablet__width-inherit elementor-widget elementor-widget-heading\" data-id=\"c7f6e62\" data-element_type=\"widget\" data-e-type=\"widget\" data-widget_type=\"heading.default\">\n\t\t\t\t\t<h2 class=\"elementor-heading-title elementor-size-default\">Versand (Zollgeb\u00fchren)<\/h2>\t\t\t\t<\/div>\n\t\t\t\t<div class=\"elementor-element elementor-element-c5b1b3d elementor-widget-tablet__width-inherit elementor-widget__width-initial elementor-widget elementor-widget-text-editor\" data-id=\"c5b1b3d\" data-element_type=\"widget\" data-e-type=\"widget\" data-widget_type=\"text-editor.default\">\n\t\t\t\t\t\t\t\t\t<p>Falls dem Kunden aufgrund einer Bestellung, die au\u00dferhalb der Europ\u00e4ischen Union versendet wird, Einfuhrgeb\u00fchren (Zoll) auferlegt werden, kann der Onlineshop \u201ePosturoshop\u201c hierf\u00fcr nicht haftbar gemacht werden und ist daher nicht verpflichtet, diese Geb\u00fchren anstelle des Kunden zu \u00fcbernehmen.<\/p>\n\t\t\t\t\t\t\t\t<\/div>\n\t\t\t\t<div class=\"elementor-element elementor-element-5bb9c85 elementor-widget-tablet__width-inherit elementor-widget elementor-widget-heading\" data-id=\"5bb9c85\" data-element_type=\"widget\" data-e-type=\"widget\" data-widget_type=\"heading.default\">\n\t\t\t\t\t<h2 class=\"elementor-heading-title elementor-size-default\">Zahlungsbedingungen<\/h2>\t\t\t\t<\/div>\n\t\t\t\t<div class=\"elementor-element elementor-element-6b0c500 elementor-widget-tablet__width-inherit elementor-widget__width-initial elementor-widget elementor-widget-text-editor\" data-id=\"6b0c500\" data-element_type=\"widget\" data-e-type=\"widget\" data-widget_type=\"text-editor.default\">\n\t\t\t\t\t\t\t\t\t<p>Die Zahlung ist bei der Bestellung f\u00e4llig.<br data-start=\"151\" data-end=\"154\" \/>Zahlungen per Kreditkarte sind gesichert; die Daten werden w\u00e4hrend der Transaktion verschl\u00fcsselt.<br data-start=\"251\" data-end=\"254\" \/>Das Konto des K\u00e4ufers wird nur mit dem Betrag der versendeten Produkte sowie den Versandkosten belastet.<\/p>\n\t\t\t\t\t\t\t\t<\/div>\n\t\t\t\t<div class=\"elementor-element elementor-element-9bbe374 elementor-widget-tablet__width-inherit elementor-widget elementor-widget-heading\" data-id=\"9bbe374\" data-element_type=\"widget\" data-e-type=\"widget\" data-widget_type=\"heading.default\">\n\t\t\t\t\t<h2 class=\"elementor-heading-title elementor-size-default\">Archivierung<\/h2>\t\t\t\t<\/div>\n\t\t\t\t<div class=\"elementor-element elementor-element-3ac299e elementor-widget-tablet__width-inherit elementor-widget__width-initial elementor-widget elementor-widget-text-editor\" data-id=\"3ac299e\" data-element_type=\"widget\" data-e-type=\"widget\" data-widget_type=\"text-editor.default\">\n\t\t\t\t\t\t\t\t\t<p>Der Onlineshop \u201ePosturoshop\u201c archiviert die Rechnungen auf einem zuverl\u00e4ssigen und sicheren Datentr\u00e4ger, der eine originalgetreue Kopie gem\u00e4\u00df den Bestimmungen des B\u00fcrgerlichen Gesetzbuches darstellt.<br \/>\nDie elektronisch gef\u00fchrten Aufzeichnungen des Onlineshops \u201ePosturoshop\u201c gelten von beiden Parteien als Nachweis f\u00fcr die zwischen den Parteien erfolgten Mitteilungen, Bestellungen, Zahlungen und Transaktionen.<\/p>\n\t\t\t\t\t\t\t\t<\/div>\n\t\t\t\t<div class=\"elementor-element elementor-element-cef2efa elementor-widget-tablet__width-inherit elementor-widget elementor-widget-heading\" data-id=\"cef2efa\" data-element_type=\"widget\" data-e-type=\"widget\" data-widget_type=\"heading.default\">\n\t\t\t\t\t<h2 class=\"elementor-heading-title elementor-size-default\">Streitbeilegung<\/h2>\t\t\t\t<\/div>\n\t\t\t\t<div class=\"elementor-element elementor-element-5d2fd33 elementor-widget-tablet__width-inherit elementor-widget__width-initial elementor-widget elementor-widget-text-editor\" data-id=\"5d2fd33\" data-element_type=\"widget\" data-e-type=\"widget\" data-widget_type=\"text-editor.default\">\n\t\t\t\t\t\t\t\t\t<p>Die vorliegenden Online-Verkaufsbedingungen unterliegen luxemburgischem Recht.<br data-start=\"183\" data-end=\"186\" \/>Im Falle eines Rechtsstreits sind ausschlie\u00dflich die zust\u00e4ndigen Gerichte in Luxemburg zust\u00e4ndig \u2013 auch bei mehreren Beklagten oder im Fall eines Gew\u00e4hrleistungsanspruchs gegen\u00fcber Dritten.<\/p>\n\t\t\t\t\t\t\t\t<\/div>\n\t\t\t\t<\/div>\n\t\t\t\t\t<\/div>\n\t\t\t\t<\/div>\n\t\t\t\t<\/div>\n\t\t","protected":false},"excerpt":{"rendered":"<p>Allgemeine Verkaufsbedingungen Gegenstand Die vorliegenden Verkaufsbedingungen sollen die vertraglichen Beziehungen zwischen dem Onlineshop \u201ePosturoshop\u201c und dem K\u00e4ufer sowie die anwendbaren [&hellip;]<\/p>\n","protected":false},"author":1,"featured_media":0,"parent":0,"menu_order":1,"comment_status":"closed","ping_status":"closed","template":"","meta":{"_seopress_robots_primary_cat":"","_seopress_titles_title":"","_seopress_titles_desc":"","_seopress_robots_index":"","site-sidebar-layout":"no-sidebar","site-content-layout":"","ast-site-content-layout":"full-width-container","site-content-style":"default","site-sidebar-style":"default","ast-global-header-display":"","ast-banner-title-visibility":"","ast-main-header-display":"","ast-hfb-above-header-display":"","ast-hfb-below-header-display":"","ast-hfb-mobile-header-display":"","site-post-title":"disabled","ast-breadcrumbs-content":"","ast-featured-img":"disabled","footer-sml-layout":"","ast-disable-related-posts":"","theme-transparent-header-meta":"","adv-header-id-meta":"","stick-header-meta":"","header-above-stick-meta":"","header-main-stick-meta":"","header-below-stick-meta":"","astra-migrate-meta-layouts":"default","ast-page-background-enabled":"default","ast-page-background-meta":{"desktop":{"background-color":"var(--ast-global-color-4)","background-image":"","background-repeat":"repeat","background-position":"center center","background-size":"auto","background-attachment":"scroll","background-type":"","background-media":"","overlay-type":"","overlay-color":"","overlay-opacity":"","overlay-gradient":""},"tablet":{"background-color":"","background-image":"","background-repeat":"repeat","background-position":"center center","background-size":"auto","background-attachment":"scroll","background-type":"","background-media":"","overlay-type":"","overlay-color":"","overlay-opacity":"","overlay-gradient":""},"mobile":{"background-color":"","background-image":"","background-repeat":"repeat","background-position":"center center","background-size":"auto","background-attachment":"scroll","background-type":"","background-media":"","overlay-type":"","overlay-color":"","overlay-opacity":"","overlay-gradient":""}},"ast-content-background-meta":{"desktop":{"background-color":"var(--ast-global-color-5)","background-image":"","background-repeat":"repeat","background-position":"center center","background-size":"auto","background-attachment":"scroll","background-type":"","background-media":"","overlay-type":"","overlay-color":"","overlay-opacity":"","overlay-gradient":""},"tablet":{"background-color":"var(--ast-global-color-5)","background-image":"","background-repeat":"repeat","background-position":"center center","background-size":"auto","background-attachment":"scroll","background-type":"","background-media":"","overlay-type":"","overlay-color":"","overlay-opacity":"","overlay-gradient":""},"mobile":{"background-color":"var(--ast-global-color-5)","background-image":"","background-repeat":"repeat","background-position":"center center","background-size":"auto","background-attachment":"scroll","background-type":"","background-media":"","overlay-type":"","overlay-color":"","overlay-opacity":"","overlay-gradient":""}},"footnotes":""},"class_list":["post-5370","page","type-page","status-publish","hentry"],"_links":{"self":[{"href":"https:\/\/posturoshop.com\/de\/wp-json\/wp\/v2\/pages\/5370","targetHints":{"allow":["GET"]}}],"collection":[{"href":"https:\/\/posturoshop.com\/de\/wp-json\/wp\/v2\/pages"}],"about":[{"href":"https:\/\/posturoshop.com\/de\/wp-json\/wp\/v2\/types\/page"}],"author":[{"embeddable":true,"href":"https:\/\/posturoshop.com\/de\/wp-json\/wp\/v2\/users\/1"}],"replies":[{"embeddable":true,"href":"https:\/\/posturoshop.com\/de\/wp-json\/wp\/v2\/comments?post=5370"}],"version-history":[{"count":0,"href":"https:\/\/posturoshop.com\/de\/wp-json\/wp\/v2\/pages\/5370\/revisions"}],"wp:attachment":[{"href":"https:\/\/posturoshop.com\/de\/wp-json\/wp\/v2\/media?parent=5370"}],"curies":[{"name":"wp","href":"https:\/\/api.w.org\/{rel}","templated":true}]}}