{"id":4312,"date":"2024-06-26T15:56:55","date_gmt":"2024-06-26T13:56:55","guid":{"rendered":"https:\/\/posturoshop.com\/boutique\/mundaktivator-tedop-2\/"},"modified":"2024-06-26T15:56:55","modified_gmt":"2024-06-26T13:56:55","slug":"mundaktivator-tedop-2","status":"publish","type":"product","link":"https:\/\/posturoshop.com\/de\/produit\/mundaktivator-tedop-2\/","title":{"rendered":"Mundaktivator Tedop+"},"content":{"rendered":"<div class=\"container-desc-product\">\n<h3>Entdecken Sie den Mundaktivator Tedop+, eine einfache L\u00f6sung zur Verbesserung Ihrer Mundgesundheit!<\/h3>\n<p>Der Mundaktivator Tedop+ ist eine praktische und patentierte Zahnschiene. Er hilft, den Kiefer zu trainieren und wirkt auf:<\/p>\n<ul>\n<li>Schnarchen<\/li>\n<li>Z\u00e4hneknirschen (Bruxismus)<\/li>\n<li>Entspannung der Kiefermuskulatur<\/li>\n<li>St\u00e4rkung der Mundmuskulatur<\/li>\n<li>Verbesserung der K\u00f6rperhaltung<\/li>\n<li>Reduzierung von Migr\u00e4ne und Kopfschmerzen<\/li>\n<li>Schutz der Z\u00e4hne beim Sport<\/li>\n<\/ul>\n<h3>Eine patentierte Doppelschiene<\/h3>\n<p>Der Zahnschienen-Aktivator Tedop+ ist eine Doppelschiene, die sowohl die oberen als auch die unteren Z\u00e4hne bedeckt. Er ist volumin\u00f6ser als das Standardmodell Tedop und bietet st\u00e4rkere Effekte.<\/p>\n<h3>Wie wird er verwendet?<\/h3>\n<h4>Passiver Modus<\/h4>\n<ul>\n<li>Tragen Sie ihn nachts, um Ihre Kiefermuskulatur zu entspannen, das Schnarchen zu reduzieren und das Z\u00e4hneknirschen zu verhindern.<\/li>\n<\/ul>\n<h4>Aktiver Modus<\/h4>\n<p>F\u00fchren Sie t\u00e4glich einfache \u00dcbungen durch (5 bis 20 Minuten):<\/p>\n<ul>\n<li>Sanftes Kauen<\/li>\n<li>Bewegen des Kiefers vor und zur\u00fcck<\/li>\n<li>Bewegen des Kiefers von links nach rechts<\/li>\n<\/ul>\n<p><strong>Tipp:<\/strong> Eine aktive Nutzung tags\u00fcber hilft, die Muskeln zu st\u00e4rken und die K\u00f6rperhaltung zu verbessern.<\/p>\n<h3>Wer empfiehlt dieses Produkt?<\/h3>\n<p>Der Zahnschienen-Aktivator Tedop+ wird verwendet von:<\/p>\n<ul>\n<li><strong>Zahn\u00e4rzten<\/strong> zur Korrektur der Kieferfunktionen<\/li>\n<li><strong>Logop\u00e4den<\/strong> zur Verbesserung von Sprache und Kauen<\/li>\n<li><strong>Physiotherapeuten<\/strong> zur St\u00e4rkung der K\u00f6rperhaltung<\/li>\n<li><strong>Osteopathen<\/strong> zur L\u00f6sung von Verspannungen und Verbesserung der Mobilit\u00e4t<\/li>\n<\/ul>\n<h3>Praktische Details<\/h3>\n<ul>\n<li>Hergestellt aus sicherem medizinischem Silikon, frei von Schadstoffen (phthalatfrei, BPA-frei).<\/li>\n<li>Geliefert in einer recycelbaren Kartonverpackung.<\/li>\n<\/ul>\n<h3>F\u00fcr wen ist dieses Produkt nicht geeignet?<\/h3>\n<p>Der Zahnschienen-Aktivator Tedop+ wird nicht empfohlen, wenn Sie:<\/p>\n<ul>\n<li>An epileptischen Anf\u00e4llen leiden<\/li>\n<li>Lockere oder fragile Z\u00e4hne haben<\/li>\n<li>Schwere Kieferfehlstellungen haben<\/li>\n<\/ul>\n<p><strong>Bei Unsicherheiten fragen Sie bitte Ihren Zahnarzt.<\/strong><\/p>\n<h3>Patentiertes Produkt &#8211; Medizinische Klasse CE 1<\/h3>\n<p>Wenn Sie Schwierigkeiten haben, das f\u00fcr Sie passende Modell auszuw\u00e4hlen, finden Sie hier eine Anleitung: <strong><a href=\"https:\/\/posturoshop.com\/wp-content\/uploads\/2025\/01\/posturoshop-quelle-gouttiere-choisir.pdf\" target=\"_blank\" rel=\"noopener\">Welche aktive Zahnschiene w\u00e4hlen?<\/a><\/strong><\/p>\n<hr \/>\n<h3>Mehr erfahren<\/h3>\n<p>Entdecken Sie alles \u00fcber den <strong>Mundaktivator Tedop+<\/strong>:<\/p>\n<ul>\n<li>Brosch\u00fcre der <a href=\"https:\/\/posturoshop.com\/wp-content\/uploads\/2025\/01\/brochure-orthese-buccale-kinepod.pdf\" target=\"_blank\" rel=\"noreferrer noopener\">aktiven Zahnschiene Kin\u00e9pod<\/a>.<\/li>\n<li><strong>Die Kin\u00e9pod-Website:<\/strong> <a href=\"https:\/\/www.kinepod.com\/gouttiere-dentaire\/\" target=\"_blank\" rel=\"noreferrer noopener\">die Zahnschienen<\/a>, <a href=\"https:\/\/www.kinepod.com\/gouttiere-dentaire\/orthese-anti-ronflement\/\" target=\"_blank\" rel=\"noreferrer noopener\">Anti-Schnarch-Schiene<\/a>, <a href=\"https:\/\/www.kinepod.com\/gouttiere-dentaire\/gouttiere-dentaire-anti-bruxisme\/\" target=\"_blank\" rel=\"noreferrer noopener\">Anti-Bruxismus-Schiene (gegen Z\u00e4hneknirschen)<\/a>, <a href=\"https:\/\/www.kinepod.com\/gouttiere-dentaire\/sport\/\" target=\"_blank\" rel=\"noreferrer noopener\">Sport-Zahnschiene<\/a>.<\/li>\n<li><strong>Der Blog \u00fcber <a href=\"https:\/\/www.gouttiere-dentaire.com\/\" target=\"_blank\" rel=\"noreferrer noopener\">Zahnschienen<\/a>:<\/strong> <a href=\"https:\/\/tetine-sucette-orthodontique-physiologique.over-blog.com\/pages\/comment-prevenir-ou-corriger-des-dysfonctions-orthodontiques\" target=\"_blank\" rel=\"noreferrer noopener\">orthodontische Korrektur<\/a>, <a href=\"https:\/\/www.gouttiere-dentaire.com\/2020\/03\/comment-combattre-le-ronflement\" target=\"_blank\" rel=\"noreferrer noopener\">Anti-Schnarchen<\/a>, <a href=\"https:\/\/www.gouttiere-dentaire.com\/pages\/action-posturale-de-l-orthese-buccale-active-kinepod-gouttiere-dentaire-active-et-posture.notre-avis\" target=\"_blank\" rel=\"noreferrer noopener\">Wirkung auf die K\u00f6rperhaltung<\/a>, <a href=\"https:\/\/www.gouttiere-dentaire.com\/2021\/05\/donnez-votre-avis-sur-les-produits-kinepod-semelles-orthopediques-gouttieres-dentaires.html\" target=\"_blank\" rel=\"noreferrer noopener\">Bewertungen zur aktiven Zahnschiene Kin\u00e9pod<\/a>.<\/li>\n<li><strong>Wissenschaftliche Artikel von <a href=\"https:\/\/www.cliniqueops.com\/gouttiere-dentaire-blog-1-fr.htm\" target=\"_blank\" rel=\"noreferrer noopener\">Clinique OPS<\/a>:<\/strong> <a href=\"https:\/\/www.cliniqueops.com\/gouttiere-dentaire\/gouttieres-dentaires-active-activateurs-buccaux-qui-ameliorent-la-posture-blog-article-41-fr.htm\" target=\"_blank\" rel=\"noreferrer noopener\">Zahnschienen und K\u00f6rperhaltung<\/a>, <a href=\"https:\/\/www.cliniqueops.com\/gouttiere-dentaire\/comment-combattre-le-ronflement-avec-une-gouttiere-dentaire-e-blog-article-15-fr.htm\" target=\"_blank\" rel=\"noreferrer noopener\">Schnarchen bek\u00e4mpfen<\/a>, <a href=\"https:\/\/www.cliniqueops.com\/gouttiere-dentaire\/grincement-de-dents-et-gouttiere-dentaire-blog-article-16-fr.htm\" target=\"_blank\" rel=\"noreferrer noopener\">Bruxismus (Z\u00e4hneknirschen) verhindern<\/a>, <a href=\"https:\/\/www.cliniqueops.com\/gouttiere-dentaire\/regulation-des-dysfonctions-maxillo-faciales-de-leenfant-blog-article-1-fr.htm\" target=\"_blank\" rel=\"noreferrer noopener\">Regulierung maxillofazialer Dysfunktionen<\/a>, <a href=\"https:\/\/www.cliniqueops.com\/magazines\/magazine_ops\/#20\" target=\"_blank\" rel=\"noreferrer noopener\">Mag OPS<\/a> (<a href=\"https:\/\/www.cliniqueops.com\/magazines\/magazine_ops\/#20\" target=\"_blank\" rel=\"noreferrer noopener\">Z\u00e4hneknirschen<\/a>, <a href=\"https:\/\/www.cliniqueops.com\/magazines\/magazine_ops\/#22\" target=\"_blank\" rel=\"noreferrer noopener\">Schnarchen<\/a>), <a href=\"https:\/\/www.cliniqueops.com\/gouttieres-dentaires-bruxisme-ronflement.htm\" target=\"_blank\" rel=\"noreferrer noopener\">OPS Zahnschienen<\/a>.<\/li>\n<\/ul>\n<\/div>\n","protected":false},"excerpt":{"rendered":"<div class=\"container-first-desc-product\">\n<p><strong>Der Mundaktivator Tedop+<\/strong> hilft, Schnarchen, Bruxismus, Migr\u00e4ne und Haltungsprobleme zu reduzieren. Er kann als Mundschutz w\u00e4hrend Ihrer Sporteinheiten verwendet werden. Diese Zahnschiene ist ab 14 Jahren geeignet (>3 cm interkaniner Abstand).<\/p>\n<\/div>\n","protected":false},"featured_media":7813,"template":"","meta":{"_seopress_robots_primary_cat":"","_seopress_titles_title":"","_seopress_titles_desc":"","_seopress_robots_index":"","site-sidebar-layout":"default","site-content-layout":"","ast-site-content-layout":"default","site-content-style":"default","site-sidebar-style":"default","ast-global-header-display":"","ast-banner-title-visibility":"","ast-main-header-display":"","ast-hfb-above-header-display":"","ast-hfb-below-header-display":"","ast-hfb-mobile-header-display":"","site-post-title":"","ast-breadcrumbs-content":"","ast-featured-img":"","footer-sml-layout":"","ast-disable-related-posts":"","theme-transparent-header-meta":"default","adv-header-id-meta":"","stick-header-meta":"","header-above-stick-meta":"","header-main-stick-meta":"","header-below-stick-meta":"","astra-migrate-meta-layouts":"default","ast-page-background-enabled":"default","ast-page-background-meta":{"desktop":{"background-color":"var(--ast-global-color-4)","background-image":"","background-repeat":"repeat","background-position":"center center","background-size":"auto","background-attachment":"scroll","background-type":"","background-media":"","overlay-type":"","overlay-color":"","overlay-opacity":"","overlay-gradient":""},"tablet":{"background-color":"","background-image":"","background-repeat":"repeat","background-position":"center center","background-size":"auto","background-attachment":"scroll","background-type":"","background-media":"","overlay-type":"","overlay-color":"","overlay-opacity":"","overlay-gradient":""},"mobile":{"background-color":"","background-image":"","background-repeat":"repeat","background-position":"center center","background-size":"auto","background-attachment":"scroll","background-type":"","background-media":"","overlay-type":"","overlay-color":"","overlay-opacity":"","overlay-gradient":""}},"ast-content-background-meta":{"desktop":{"background-color":"var(--ast-global-color-5)","background-image":"","background-repeat":"repeat","background-position":"center center","background-size":"auto","background-attachment":"scroll","background-type":"","background-media":"","overlay-type":"","overlay-color":"","overlay-opacity":"","overlay-gradient":""},"tablet":{"background-color":"var(--ast-global-color-5)","background-image":"","background-repeat":"repeat","background-position":"center center","background-size":"auto","background-attachment":"scroll","background-type":"","background-media":"","overlay-type":"","overlay-color":"","overlay-opacity":"","overlay-gradient":""},"mobile":{"background-color":"var(--ast-global-color-5)","background-image":"","background-repeat":"repeat","background-position":"center center","background-size":"auto","background-attachment":"scroll","background-type":"","background-media":"","overlay-type":"","overlay-color":"","overlay-opacity":"","overlay-gradient":""}}},"product_brand":[],"product_cat":[65],"product_tag":[],"class_list":{"0":"post-4312","1":"product","2":"type-product","3":"status-publish","4":"has-post-thumbnail","6":"product_cat-mundorthesen","7":"desktop-align-center","8":"tablet-align-left","9":"mobile-align-left","11":"first","12":"instock","13":"taxable","14":"shipping-taxable","15":"purchasable","16":"product-type-simple"},"_links":{"self":[{"href":"https:\/\/posturoshop.com\/de\/wp-json\/wp\/v2\/product\/4312","targetHints":{"allow":["GET"]}}],"collection":[{"href":"https:\/\/posturoshop.com\/de\/wp-json\/wp\/v2\/product"}],"about":[{"href":"https:\/\/posturoshop.com\/de\/wp-json\/wp\/v2\/types\/product"}],"wp:featuredmedia":[{"embeddable":true,"href":"https:\/\/posturoshop.com\/de\/wp-json\/wp\/v2\/media\/7813"}],"wp:attachment":[{"href":"https:\/\/posturoshop.com\/de\/wp-json\/wp\/v2\/media?parent=4312"}],"wp:term":[{"taxonomy":"product_brand","embeddable":true,"href":"https:\/\/posturoshop.com\/de\/wp-json\/wp\/v2\/product_brand?post=4312"},{"taxonomy":"product_cat","embeddable":true,"href":"https:\/\/posturoshop.com\/de\/wp-json\/wp\/v2\/product_cat?post=4312"},{"taxonomy":"product_tag","embeddable":true,"href":"https:\/\/posturoshop.com\/de\/wp-json\/wp\/v2\/product_tag?post=4312"}],"curies":[{"name":"wp","href":"https:\/\/api.w.org\/{rel}","templated":true}]}}