{"id":4315,"date":"2024-06-26T15:45:50","date_gmt":"2024-06-26T13:45:50","guid":{"rendered":"https:\/\/posturoshop.com\/boutique\/aktive-mundsauger-kinepod\/"},"modified":"2024-06-26T15:45:50","modified_gmt":"2024-06-26T13:45:50","slug":"aktive-mundsauger-kinepod","status":"publish","type":"product","link":"https:\/\/posturoshop.com\/de\/produit\/aktive-mundsauger-kinepod\/","title":{"rendered":"Aktive Mundsauger Kin\u00e9pod"},"content":{"rendered":"","protected":false},"excerpt":{"rendered":"<div class=\"container-desc-product\">\n<h3>Entdecken Sie den Aktiven Mundsauger<\/h3>\n<p><strong>Eine patentierte L\u00f6sung, ideal f\u00fcr Kinder von 2 bis 5 Jahren<\/strong><\/p>\n<p>Der Aktive Mundsauger ist eine speziell entwickelte Mundorthese zur:<\/p>\n<ul>\n<li>Ersatz von Daumenlutschen und herk\u00f6mmlichen Schnullern.<\/li>\n<li>Ausgewogenen St\u00e4rkung der Mundmuskulatur.<\/li>\n<li>Anregung des Wachstums der Mundknochen durch sein funktionales Design.<\/li>\n<li>Unterst\u00fctzung der korrekten Zungenposition im Gaumen dank der zentralen Neigungsfl\u00e4che und dem Fehlen eines Saugers.<\/li>\n<\/ul>\n<hr \/>\n<h3>Warum Experten ihn empfehlen<\/h3>\n<p>Viele Gesundheitsfachkr\u00e4fte empfehlen ihn:<\/p>\n<ul>\n<li><strong>Zahn\u00e4rzte<\/strong>: Zur Zahnkorrektur und Pr\u00e4vention orthodontischer Probleme.<\/li>\n<li><strong>Logop\u00e4den<\/strong>: Zur Verbesserung der Atmung, Sprache und des Kauens.<\/li>\n<li><strong>Physiotherapeuten<\/strong>: Zur Haltungsverbesserung und Kieferrehabilitation.<\/li>\n<li><strong>Osteopathen<\/strong>: Zur L\u00f6sung von Verspannungen und F\u00f6rderung der Mobilit\u00e4t.<\/li>\n<\/ul>\n<hr \/>\n<h3>Eine L\u00f6sung f\u00fcr jedes Kind<\/h3>\n<p>Wenn Ihr Kind erhebliche Kieferfehlbildungen hat (z. B. einen zu weit vorstehenden oder zur\u00fcckliegenden Kiefer), konsultieren Sie einen Zahnarzt. Er kann eine ma\u00dfgeschneiderte Orthese empfehlen.<\/p>\n<hr \/>\n<h3>Produktdetails<\/h3>\n<ul>\n<li>Hergestellt aus <strong>medizinischem Silikon (Silicemed)<\/strong>, frei von Bisphenol und Phthalaten.<\/li>\n<li>Wird mit einer praktischen Aufbewahrungsbox geliefert.<\/li>\n<li>CE-zertifiziert, Medizinprodukt der Klasse 1.<\/li>\n<\/ul>\n<hr \/>\n<h3>Die Vorteile des Aktiven Mundsaugers<\/h3>\n<ul>\n<li><strong>Patentiert und innovativ<\/strong>: Eine speziell f\u00fcr die Mundgesundheit von Kindern entwickelte L\u00f6sung.<\/li>\n<li><strong>Vielf\u00e4ltige Vorteile<\/strong>: F\u00f6rdert das Wachstum von Muskeln und Knochen, korrigiert schlechte orale Gewohnheiten.<\/li>\n<li><strong>Von Fachleuten anerkannt<\/strong>: Empfohlen von Zahn\u00e4rzten, Logop\u00e4den, Physiotherapeuten und Osteopathen.<\/li>\n<\/ul>\n<hr \/>\n<h3>Weitere Informationen<\/h3>\n<p>Erfahren Sie alles \u00fcber den <strong>Aktiven Mundsauger Kin\u00e9pod<\/strong>:<\/p>\n<ul>\n<li>Brosch\u00fcre zur <a href=\"https:\/\/posturoshop.com\/wp-content\/uploads\/2025\/01\/brochure-orthese-buccale-kinepod.pdf\" target=\"_blank\" rel=\"noreferrer noopener\">Aktiven Mundorthese Kin\u00e9pod<\/a>.<\/li>\n<li>Die <a href=\"https:\/\/www.kinepod.com\/gouttiere-dentaire-tetine-enfants-activateur-dentaire\/\" target=\"_blank\" rel=\"noreferrer noopener\">Kin\u00e9pod-Website<\/a>.<\/li>\n<li><strong>Der Blog zur <a href=\"https:\/\/tetine-sucette-orthodontique-physiologique.over-blog.com\/\" target=\"_blank\" rel=\"noreferrer noopener\">orthodontischen Schnuller-Therapie<\/a>:<\/strong> <a href=\"https:\/\/tetine-sucette-orthodontique-physiologique.over-blog.com\/pages\/comment-prevenir-ou-corriger-des-dysfonctions-orthodontiques\" target=\"_blank\" rel=\"noreferrer noopener\">orthodontische Korrektur<\/a>, <a href=\"https:\/\/tetine-sucette-orthodontique-physiologique.over-blog.com\/pages\/mon-enfant-ronfle-comment-agir\" target=\"_blank\" rel=\"noreferrer noopener\">Anti-Schnarch<\/a>, <a href=\"https:\/\/tetine-sucette-orthodontique-physiologique.over-blog.com\/2020\/12\/mon-enfant-grince-des-dents.quelle-solution\" target=\"_blank\" rel=\"noreferrer noopener\">Anti-Z\u00e4hneknirschen<\/a>, <a href=\"https:\/\/tetine-sucette-orthodontique-physiologique.over-blog.com\/pages\/la-machoire-atm-impact-direct-sur-la-posture-de-mon-enfant\" target=\"_blank\" rel=\"noreferrer noopener\">Haltungsverbesserung<\/a>, <a href=\"https:\/\/tetine-sucette-orthodontique-physiologique.over-blog.com\/2021\/04\/quel-est-votre-avis-sur-la-tetine-buccale-active-sur-les-semelles-kinepod.html\" target=\"_blank\" rel=\"noreferrer noopener\">Erfahrungen mit dem Aktiven Mundsauger Kin\u00e9pod<\/a>.<\/li>\n<li><strong>Wissenschaftliche Artikel von <a href=\"https:\/\/www.cliniqueops.com\/gouttiere-dentaire-blog-1-fr.htm\" target=\"_blank\" rel=\"noreferrer noopener\">Clinique OPS<\/a>:<\/strong> <a href=\"https:\/\/www.cliniqueops.com\/gouttiere-dentaire\/regulation-des-dysfonctions-maxillo-faciales-de-leenfant-blog-article-1-fr.htm\" target=\"_blank\" rel=\"noreferrer noopener\">Regulierung maxillofazialer Dysfunktionen mit dem Aktiven Mundsauger Kin\u00e9pod<\/a>, <a href=\"https:\/\/www.cliniqueops.com\/magazines\/magazine_ops\/#20\" target=\"_blank\" rel=\"noreferrer noopener\">Mag OPS<\/a>, <a href=\"https:\/\/www.cliniqueops.com\/gouttieres-dentaires-bruxisme-ronflement.htm\" target=\"_blank\" rel=\"noreferrer noopener\">OPS-Mundaktivatoren<\/a>, <strong><a href=\"https:\/\/www.cliniqueops.com\/gouttieres-dentaires-bruxisme-ronflement.htm\" target=\"_blank\" rel=\"noreferrer noopener\">Warum sind die Kin\u00e9pod-Mundorthesen (einschlie\u00dflich des Aktiven Mundsaugers) und Tedop die besten auf dem medizinischen Markt? Entdecken Sie ihre exklusiven (patentierten) Eigenschaften im Detail!<\/a><\/strong><\/li>\n<\/ul>\n<p>Wenn Sie Schwierigkeiten haben, das richtige Modell auszuw\u00e4hlen, finden Sie hier eine Orientierungshilfe: <strong><a href=\"https:\/\/posturoshop.com\/wp-content\/uploads\/2025\/01\/posturoshop-quelle-gouttiere-choisir.pdf\" target=\"_blank\" rel=\"noreferrer noopener\">Welche aktive Mundorthese w\u00e4hlen?<\/a><\/strong><\/p>\n<\/div>\n","protected":false},"featured_media":7309,"template":"","meta":{"_seopress_robots_primary_cat":"","_seopress_titles_title":"","_seopress_titles_desc":"","_seopress_robots_index":"","site-sidebar-layout":"default","site-content-layout":"","ast-site-content-layout":"default","site-content-style":"default","site-sidebar-style":"default","ast-global-header-display":"","ast-banner-title-visibility":"","ast-main-header-display":"","ast-hfb-above-header-display":"","ast-hfb-below-header-display":"","ast-hfb-mobile-header-display":"","site-post-title":"","ast-breadcrumbs-content":"","ast-featured-img":"","footer-sml-layout":"","ast-disable-related-posts":"","theme-transparent-header-meta":"default","adv-header-id-meta":"","stick-header-meta":"","header-above-stick-meta":"","header-main-stick-meta":"","header-below-stick-meta":"","astra-migrate-meta-layouts":"default","ast-page-background-enabled":"default","ast-page-background-meta":{"desktop":{"background-color":"var(--ast-global-color-4)","background-image":"","background-repeat":"repeat","background-position":"center center","background-size":"auto","background-attachment":"scroll","background-type":"","background-media":"","overlay-type":"","overlay-color":"","overlay-opacity":"","overlay-gradient":""},"tablet":{"background-color":"","background-image":"","background-repeat":"repeat","background-position":"center center","background-size":"auto","background-attachment":"scroll","background-type":"","background-media":"","overlay-type":"","overlay-color":"","overlay-opacity":"","overlay-gradient":""},"mobile":{"background-color":"","background-image":"","background-repeat":"repeat","background-position":"center center","background-size":"auto","background-attachment":"scroll","background-type":"","background-media":"","overlay-type":"","overlay-color":"","overlay-opacity":"","overlay-gradient":""}},"ast-content-background-meta":{"desktop":{"background-color":"var(--ast-global-color-5)","background-image":"","background-repeat":"repeat","background-position":"center center","background-size":"auto","background-attachment":"scroll","background-type":"","background-media":"","overlay-type":"","overlay-color":"","overlay-opacity":"","overlay-gradient":""},"tablet":{"background-color":"var(--ast-global-color-5)","background-image":"","background-repeat":"repeat","background-position":"center center","background-size":"auto","background-attachment":"scroll","background-type":"","background-media":"","overlay-type":"","overlay-color":"","overlay-opacity":"","overlay-gradient":""},"mobile":{"background-color":"var(--ast-global-color-5)","background-image":"","background-repeat":"repeat","background-position":"center center","background-size":"auto","background-attachment":"scroll","background-type":"","background-media":"","overlay-type":"","overlay-color":"","overlay-opacity":"","overlay-gradient":""}}},"product_brand":[],"product_cat":[65],"product_tag":[],"class_list":{"0":"post-4315","1":"product","2":"type-product","3":"status-publish","4":"has-post-thumbnail","6":"product_cat-mundorthesen","7":"desktop-align-center","8":"tablet-align-left","9":"mobile-align-left","11":"first","12":"instock","13":"taxable","14":"shipping-taxable","15":"purchasable","16":"product-type-simple"},"_links":{"self":[{"href":"https:\/\/posturoshop.com\/de\/wp-json\/wp\/v2\/product\/4315","targetHints":{"allow":["GET"]}}],"collection":[{"href":"https:\/\/posturoshop.com\/de\/wp-json\/wp\/v2\/product"}],"about":[{"href":"https:\/\/posturoshop.com\/de\/wp-json\/wp\/v2\/types\/product"}],"wp:featuredmedia":[{"embeddable":true,"href":"https:\/\/posturoshop.com\/de\/wp-json\/wp\/v2\/media\/7309"}],"wp:attachment":[{"href":"https:\/\/posturoshop.com\/de\/wp-json\/wp\/v2\/media?parent=4315"}],"wp:term":[{"taxonomy":"product_brand","embeddable":true,"href":"https:\/\/posturoshop.com\/de\/wp-json\/wp\/v2\/product_brand?post=4315"},{"taxonomy":"product_cat","embeddable":true,"href":"https:\/\/posturoshop.com\/de\/wp-json\/wp\/v2\/product_cat?post=4315"},{"taxonomy":"product_tag","embeddable":true,"href":"https:\/\/posturoshop.com\/de\/wp-json\/wp\/v2\/product_tag?post=4315"}],"curies":[{"name":"wp","href":"https:\/\/api.w.org\/{rel}","templated":true}]}}