{"id":4322,"date":"2024-06-26T15:25:29","date_gmt":"2024-06-26T13:25:29","guid":{"rendered":"https:\/\/posturoshop.com\/boutique\/posturale-einlagen-tedop\/"},"modified":"2024-06-26T15:25:29","modified_gmt":"2024-06-26T13:25:29","slug":"posturale-einlagen-tedop","status":"publish","type":"product","link":"https:\/\/posturoshop.com\/de\/produit\/posturale-einlagen-tedop\/","title":{"rendered":"Posturale Einlagen Tedop+"},"content":{"rendered":"<div class=\"container-desc-product\">\n<h3>Die Posturale Einlage Tedop+ : Eine effektive L\u00f6sung f\u00fcr Ihre F\u00fc\u00dfe<\/h3>\n<p>Die Tedop+ Einlage wurde speziell entwickelt, um Ihren Komfort und Ihre K\u00f6rperhaltung zu verbessern. Sie wird von Spezialisten empfohlen und eignet sich perfekt f\u00fcr Menschen mit Fu\u00dfproblemen.<\/p>\n<hr \/>\n<h3>F\u00fcr welche Bed\u00fcrfnisse?<\/h3>\n<p>Die Tedop+ Einlage ist ideal f\u00fcr:<\/p>\n<ul>\n<li><strong>Plattf\u00fc\u00dfe<\/strong><\/li>\n<li><strong>\u00dcberpronation<\/strong><\/li>\n<li><strong>Instabile Kn\u00f6chel<\/strong><\/li>\n<\/ul>\n<hr \/>\n<h3>Warum Tedop+ w\u00e4hlen?<\/h3>\n<p>Diese orthop\u00e4dische Einlage bietet zahlreiche Vorteile:<\/p>\n<ul>\n<li><strong>Haltungsverbesserung<\/strong>: Hilft, Ihren K\u00f6rper besser auszurichten.<\/li>\n<li><strong>Schmerzlinderung<\/strong>: Lindert Schmerzen in F\u00fc\u00dfen, Knien und R\u00fccken.<\/li>\n<li><strong>Muskelstimulation<\/strong>: St\u00e4rkt die Fu\u00dfmuskulatur.<\/li>\n<li><strong>Sto\u00dfd\u00e4mpfung<\/strong>: Reduziert den Aufprall bei Bewegungen.<\/li>\n<li><strong>Optimaler Komfort<\/strong>: Atmungsaktive und angenehme Materialien.<\/li>\n<\/ul>\n<hr \/>\n<h3>Wer empfiehlt sie?<\/h3>\n<p>Gesundheitsexperten empfehlen die Tedop+ Einlage:<\/p>\n<ul>\n<li><strong>Podologen<\/strong>: F\u00fcr eine bessere Fu\u00dfunterst\u00fctzung.<\/li>\n<li><strong>Physiotherapeuten<\/strong>: Zur Rehabilitation der Kn\u00f6chel und zur Haltungsverbesserung.<\/li>\n<li><strong>Osteopathen<\/strong>: Zur L\u00f6sung von Spannungen, die durch Haltungsungleichgewichte verursacht werden.<\/li>\n<\/ul>\n<hr \/>\n<h3>Hauptmerkmale der Tedop+ Einlage<\/h3>\n<ul>\n<li><strong>Aktive Unterst\u00fctzung<\/strong>: H\u00e4lt das Fu\u00dfgew\u00f6lbe stabil.<\/li>\n<li><strong>Sto\u00dfabsorption<\/strong>: Reduziert Aufprallkr\u00e4fte.<\/li>\n<li><strong>Komfort und Atmungsaktivit\u00e4t<\/strong>: Weiche Materialien, ideal f\u00fcr den langfristigen Gebrauch.<\/li>\n<\/ul>\n<hr \/>\n<h3>Personalisierung und Anpassung<\/h3>\n<p>Mit der Hilfe eines Spezialisten kann die Tedop+ Einlage individuell angepasst werden, um maximalen Komfort zu gew\u00e4hrleisten.<\/p>\n<hr \/>\n<h3>Mehr erfahren<\/h3>\n<ul>\n<li style=\"list-style-type: none;\">\n<ul>\n<li>Brosch\u00fcre \u00fcber die <a href=\"https:\/\/www.cliniqueops.com\/images\/patient-brochure\/brochure_semelle_active_tedop.pdf\">aktiven Tedop Einlagen<\/a>.<\/li>\n<li><strong>Der Blog \u00fcber <a href=\"https:\/\/www.semelleorthopedique-ortheseplantaire.com\/\" target=\"_blank\" rel=\"noopener\">orthop\u00e4dische Einlagen<\/a>:<\/strong><br \/>\n<a href=\"https:\/\/www.semelleorthopedique-ortheseplantaire.com\/2021\/05\/les-meilleures-semelles-orthopediques-en-2021.html\" target=\"_blank\" rel=\"noopener\">die besten orthop\u00e4dischen Einlagen, periostale Schienbeinreizung<\/a>,<br \/>\n<a href=\"https:\/\/www.semelleorthopedique-ortheseplantaire.com\/2021\/06\/comment-eviter-la-chirurgie-d-un-hallux-valgus.html\" target=\"_blank\" rel=\"noopener\">Hallux valgus<\/a>,<br \/>\n<a href=\"https:\/\/www.semelleorthopedique-ortheseplantaire.com\/2021\/06\/qu-est-ce-que-l-arthrose-et-comment-peut-elle-affecter-vos-pieds.html\" target=\"_blank\" rel=\"noopener\">Arthrose<\/a>,<br \/>\n<a href=\"https:\/\/www.semelleorthopedique-ortheseplantaire.com\/2021\/04\/comment-se-debarrasser-d-une-aponevrosite-plantaire-fasciite-plantaire.html\" target=\"_blank\" rel=\"noopener\">plantare Fasziitis<\/a>,<br \/>\n<a href=\"https:\/\/www.semelleorthopedique-ortheseplantaire.com\/2021\/03\/votre-enfant-a-des-douleurs-de-croissance-serait-ce-une-osteochondrite.html\" target=\"_blank\" rel=\"noopener\">Wachstumsschmerzen<\/a>.<\/li>\n<li><strong>Wissenschaftliche Artikel <a href=\"https:\/\/www.cliniqueops.com\/semelles-orthopediques-blog-3-fr.htm\" target=\"_blank\" rel=\"noopener\">Clinique OPS<\/a>:<\/strong><br \/>\n<a href=\"https:\/\/www.cliniqueops.com\/semelles-orthopediques\/pied-plat-et-traitements-blog-article-8-fr.htm\" target=\"_blank\" rel=\"noopener\">pflanzliche Aktivatoren und Plattf\u00fc\u00dfe<\/a>,<br \/>\n<a href=\"https:\/\/www.cliniqueops.com\/semelles-orthopediques\/la-reeducation-orthokinesique-du-pied-une-approche-dynamique-blog-article-2-fr.htm\" target=\"_blank\" rel=\"noopener\">dynamische und posturale Fu\u00dfrehabilitation<\/a>,<br \/>\n<a href=\"https:\/\/www.cliniqueops.com\/semelles-orthopediques\/pourquoi-nos-pieds-ont-besoin-deaide-et-des-semelles-orthopediques-blog-article-9-fr.htm\" target=\"_blank\" rel=\"noopener\">Warum unsere F\u00fc\u00dfe Hilfe brauchen<\/a>,<br \/>\n<a href=\"https:\/\/www.cliniqueops.com\/semelles-orthopediques\/les-sequelles-du-port-prolonge-de-semelles-orthopediques-passives-blog-article-3-fr.htm\" target=\"_blank\" rel=\"noopener\">langfristige Auswirkungen passiver orthop\u00e4discher Einlagen<\/a>,<br \/>\n<a href=\"https:\/\/www.cliniqueops.com\/semelles-orthopediques\/peut-on-se-passer-definitivement-de-semelles-orthopediques-e-blog-article-5-fr.htm\" target=\"_blank\" rel=\"noopener\">Kann man auf orthop\u00e4dische Einlagen verzichten?<\/a>,<br \/>\n<a href=\"https:\/\/www.cliniqueops.com\/semelles-orthopediques\/muscle-piriforme-et-sciatalgies-blog-article-19-fr.htm\" target=\"_blank\" rel=\"noopener\">Piriformis-Muskel und Ischiasschmerzen<\/a>,<br \/>\n<a href=\"https:\/\/www.cliniqueops.com\/pathologies-posturales\/douleurs-de-genou-syndrome-de-leessuie-glace-blog-article-11-fr.htm\" target=\"_blank\" rel=\"noopener\">Tractus-iliotibialis-Syndrom (TFL)<\/a>,<br \/>\n<a href=\"https:\/\/www.cliniqueops.com\/pathologies-posturales\/logiciel-de-la-posture-3d-et-d-analyse-du-mouvement-clinique-ops-blog-article-23-fr.htm\" target=\"_blank\" rel=\"noopener\">3D-Haltungsanalyse<\/a>.<\/li>\n<li><strong>Das OPS Magazin<\/strong>:<br \/>\n<a href=\"https:\/\/www.cliniqueops.com\/magazines\/magazine_ops\/#4\" target=\"_blank\" rel=\"noopener\">R\u00fcckenschmerzen<\/a>,<br \/>\n<a href=\"https:\/\/www.cliniqueops.com\/magazines\/magazine_ops\/#16\" target=\"_blank\" rel=\"noopener\">verschiedene orthop\u00e4dische Einlagen<\/a>,<br \/>\n<a href=\"https:\/\/www.cliniqueops.com\/magazines\/magazine_ops\/#18\" target=\"_blank\" rel=\"noopener\">Kinderf\u00fc\u00dfe<\/a>,<br \/>\n<a href=\"https:\/\/www.cliniqueops.com\/magazines\/magazine_ops\/#24\" target=\"_blank\" rel=\"noopener\">Ehlers-Danlos-Syndrom und Fibromyalgie<\/a>.<\/li>\n<\/ul>\n<\/li>\n<\/ul>\n<\/div>\n","protected":false},"excerpt":{"rendered":"<div class=\"container-first-desc-product\">\n<p><strong>Aktiv-dynamische posturale Einlage Tedop+<\/strong>: <span style=\"font-size: 16px;\">orthop\u00e4disch und patentiert, stimuliert die Haltung, reduziert Schmerzen, kontrolliert die Pronation. Ideal zum Gehen und Laufen. Anpassbare Unterst\u00fctzung.<\/span><\/p>\n<\/div>\n","protected":false},"featured_media":3855,"template":"","meta":{"_seopress_robots_primary_cat":"","_seopress_titles_title":"","_seopress_titles_desc":"","_seopress_robots_index":"","site-sidebar-layout":"default","site-content-layout":"","ast-site-content-layout":"default","site-content-style":"default","site-sidebar-style":"default","ast-global-header-display":"","ast-banner-title-visibility":"","ast-main-header-display":"","ast-hfb-above-header-display":"","ast-hfb-below-header-display":"","ast-hfb-mobile-header-display":"","site-post-title":"","ast-breadcrumbs-content":"","ast-featured-img":"","footer-sml-layout":"","ast-disable-related-posts":"","theme-transparent-header-meta":"default","adv-header-id-meta":"","stick-header-meta":"","header-above-stick-meta":"","header-main-stick-meta":"","header-below-stick-meta":"","astra-migrate-meta-layouts":"default","ast-page-background-enabled":"default","ast-page-background-meta":{"desktop":{"background-color":"var(--ast-global-color-4)","background-image":"","background-repeat":"repeat","background-position":"center center","background-size":"auto","background-attachment":"scroll","background-type":"","background-media":"","overlay-type":"","overlay-color":"","overlay-opacity":"","overlay-gradient":""},"tablet":{"background-color":"","background-image":"","background-repeat":"repeat","background-position":"center center","background-size":"auto","background-attachment":"scroll","background-type":"","background-media":"","overlay-type":"","overlay-color":"","overlay-opacity":"","overlay-gradient":""},"mobile":{"background-color":"","background-image":"","background-repeat":"repeat","background-position":"center center","background-size":"auto","background-attachment":"scroll","background-type":"","background-media":"","overlay-type":"","overlay-color":"","overlay-opacity":"","overlay-gradient":""}},"ast-content-background-meta":{"desktop":{"background-color":"var(--ast-global-color-5)","background-image":"","background-repeat":"repeat","background-position":"center center","background-size":"auto","background-attachment":"scroll","background-type":"","background-media":"","overlay-type":"","overlay-color":"","overlay-opacity":"","overlay-gradient":""},"tablet":{"background-color":"var(--ast-global-color-5)","background-image":"","background-repeat":"repeat","background-position":"center center","background-size":"auto","background-attachment":"scroll","background-type":"","background-media":"","overlay-type":"","overlay-color":"","overlay-opacity":"","overlay-gradient":""},"mobile":{"background-color":"var(--ast-global-color-5)","background-image":"","background-repeat":"repeat","background-position":"center center","background-size":"auto","background-attachment":"scroll","background-type":"","background-media":"","overlay-type":"","overlay-color":"","overlay-opacity":"","overlay-gradient":""}}},"product_brand":[],"product_cat":[68],"product_tag":[],"class_list":{"0":"post-4322","1":"product","2":"type-product","3":"status-publish","4":"has-post-thumbnail","6":"product_cat-orthopadische-einlagen","7":"desktop-align-center","8":"tablet-align-left","9":"mobile-align-left","11":"first","12":"instock","13":"taxable","14":"shipping-taxable","15":"purchasable","16":"product-type-variable"},"_links":{"self":[{"href":"https:\/\/posturoshop.com\/de\/wp-json\/wp\/v2\/product\/4322","targetHints":{"allow":["GET"]}}],"collection":[{"href":"https:\/\/posturoshop.com\/de\/wp-json\/wp\/v2\/product"}],"about":[{"href":"https:\/\/posturoshop.com\/de\/wp-json\/wp\/v2\/types\/product"}],"wp:featuredmedia":[{"embeddable":true,"href":"https:\/\/posturoshop.com\/de\/wp-json\/wp\/v2\/media\/3855"}],"wp:attachment":[{"href":"https:\/\/posturoshop.com\/de\/wp-json\/wp\/v2\/media?parent=4322"}],"wp:term":[{"taxonomy":"product_brand","embeddable":true,"href":"https:\/\/posturoshop.com\/de\/wp-json\/wp\/v2\/product_brand?post=4322"},{"taxonomy":"product_cat","embeddable":true,"href":"https:\/\/posturoshop.com\/de\/wp-json\/wp\/v2\/product_cat?post=4322"},{"taxonomy":"product_tag","embeddable":true,"href":"https:\/\/posturoshop.com\/de\/wp-json\/wp\/v2\/product_tag?post=4322"}],"curies":[{"name":"wp","href":"https:\/\/api.w.org\/{rel}","templated":true}]}}