{"id":4330,"date":"2024-06-26T12:21:30","date_gmt":"2024-06-26T10:21:30","guid":{"rendered":"https:\/\/posturoshop.com\/boutique\/posturale-einlagen-tedop-2\/"},"modified":"2024-06-26T12:21:30","modified_gmt":"2024-06-26T10:21:30","slug":"posturale-einlagen-tedop-2","status":"publish","type":"product","link":"https:\/\/posturoshop.com\/de\/produit\/posturale-einlagen-tedop-2\/","title":{"rendered":"Posturale Einlagen Tedop"},"content":{"rendered":"<div class=\"container-desc-product\">\n<h3>Entdecken Sie die aktive posturale Einlage Tedop<\/h3>\n<p><strong>Eine patentierte L\u00f6sung zur Verbesserung Ihres Komforts und Ihrer K\u00f6rperhaltung<\/strong><\/p>\n<p>Die aktive posturale Einlage Tedop wurde f\u00fcr normale, m\u00e4\u00dfig flache, hohle, universelle und leicht pronierende F\u00fc\u00dfe entwickelt. Sie ist d\u00fcnner als die Tedop+ und ideal f\u00fcr elegante Schuhe. Sie kann optional mit einem Gurt kombiniert werden, um ihre Wirkung auf das Sprunggelenk zu verst\u00e4rken.<\/p>\n<hr \/>\n<h3>Warum die Tedop-Einlage w\u00e4hlen?<\/h3>\n<p>Diese multifunktionale Einlage wirkt auf:<\/p>\n<ul>\n<li><strong>K\u00f6rperhaltung<\/strong>: Korrigiert Ihre Haltung durch Propriozeption.<\/li>\n<li><strong>Schmerzen<\/strong>: Lindert Fu\u00dfschmerzen (Fasziitis, Fersensporn, Fersenschmerzen) sowie Knie-, H\u00fcft-, R\u00fccken- und Nackenschmerzen.<\/li>\n<li><strong>Muskelstimulation<\/strong>: St\u00e4rkt die Fu\u00dfmuskulatur.<\/li>\n<li><strong>D\u00e4mpfung und Vortrieb<\/strong>: Reduziert St\u00f6\u00dfe und verbessert den Komfort beim Gehen.<\/li>\n<li><strong>Komfort<\/strong>: Geeignet f\u00fcr empfindliche F\u00fc\u00dfe, auch bei Diabetes oder neurologischen Erkrankungen.<\/li>\n<\/ul>\n<hr \/>\n<h3>Wer empfiehlt sie?<\/h3>\n<p>Die Tedop-Einlagen werden empfohlen von:<\/p>\n<ul>\n<li><strong>Podologen und Orthop\u00e4den<\/strong>: F\u00fcr propriozeptive Stimulation und Fu\u00dfrehabilitation.<\/li>\n<li><strong>Physiotherapeuten<\/strong>: Zur Rehabilitation des Sprunggelenks (Verstauchungen) und zur Haltungsverbesserung.<\/li>\n<li><strong>Osteopathen und Chiropraktiker<\/strong>: Zur L\u00f6sung von Haltungsblockaden durch dysfunktionale F\u00fc\u00dfe.<\/li>\n<\/ul>\n<hr \/>\n<h3>Produktdetails<\/h3>\n<p>Die Einlage besteht aus drei Elementen:<\/p>\n<ul>\n<li><strong>Korrekturbasis<\/strong>: Aktive Unterst\u00fctzung des Fu\u00dfgew\u00f6lbes.<\/li>\n<li><strong>Zentrale Elemente<\/strong>: Stimulieren die Haltung und korrigieren den Schwerpunkt.<\/li>\n<li><strong>Fersend\u00e4mpfung<\/strong>: Lindert Fersenschmerzen mit einer anpassbaren Aussparung.<\/li>\n<\/ul>\n<p>Die Oberfl\u00e4che absorbiert Feuchtigkeit und stimuliert die Propriozeption f\u00fcr optimalen Komfort.<\/p>\n<hr \/>\n<h3>Ein modulares und patentiertes Produkt<\/h3>\n<p>Die Tedop-Einlage ist dank verstellbarer Elemente an Ihre Bed\u00fcrfnisse und Pathologien anpassbar. Lassen Sie sich von einem Spezialisten f\u00fcr die optimale Einstellung beraten.<\/p>\n<hr \/>\n<h3>Weitere Informationen<\/h3>\n<ul>\n<li>Flyer \u00fcber die <a href=\"https:\/\/www.cliniqueops.com\/images\/patient-brochure\/brochure_semelle_active_tedop.pdf\">aktiven Tedop-Einlagen<\/a>.<\/li>\n<li><strong>Der Blog \u00fcber <a href=\"https:\/\/www.semelleorthopedique-ortheseplantaire.com\/\" target=\"_blank\" rel=\"noopener\">orthop\u00e4dische Einlagen<\/a>:<\/strong><br \/>\n<a href=\"https:\/\/www.semelleorthopedique-ortheseplantaire.com\/2021\/05\/les-meilleures-semelles-orthopediques-en-2021.html\" target=\"_blank\" rel=\"noopener\">die besten orthop\u00e4dischen Einlagen, periostale Schienbeinreizung<\/a>,<br \/>\n<a href=\"https:\/\/www.semelleorthopedique-ortheseplantaire.com\/2021\/06\/comment-eviter-la-chirurgie-d-un-hallux-valgus.html\" target=\"_blank\" rel=\"noopener\">Hallux valgus<\/a>,<br \/>\n<a href=\"https:\/\/www.semelleorthopedique-ortheseplantaire.com\/2021\/06\/qu-est-ce-que-l-arthrose-et-comment-peut-elle-affecter-vos-pieds.html\" target=\"_blank\" rel=\"noopener\">Arthrose<\/a>,<br \/>\n<a href=\"https:\/\/www.semelleorthopedique-ortheseplantaire.com\/2021\/04\/comment-se-debarrasser-d-une-aponevrosite-plantaire-fasciite-plantaire.html\" target=\"_blank\" rel=\"noopener\">plantare Fasziitis<\/a>,<br \/>\n<a href=\"https:\/\/www.semelleorthopedique-ortheseplantaire.com\/2021\/03\/votre-enfant-a-des-douleurs-de-croissance-serait-ce-une-osteochondrite.html\" target=\"_blank\" rel=\"noopener\">Wachstumsschmerzen<\/a>.<\/li>\n<li><strong>Wissenschaftliche Artikel <a href=\"https:\/\/www.cliniqueops.com\/semelles-orthopediques-blog-3-fr.htm\" target=\"_blank\" rel=\"noopener\">Clinique OPS<\/a>:<\/strong><br \/>\n<a href=\"https:\/\/www.cliniqueops.com\/semelles-orthopediques\/pied-plat-et-traitements-blog-article-8-fr.htm\" target=\"_blank\" rel=\"noopener\">pflanzliche Aktivatoren und Plattf\u00fc\u00dfe<\/a>,<br \/>\n<a href=\"https:\/\/www.cliniqueops.com\/semelles-orthopediques\/la-reeducation-orthokinesique-du-pied-une-approche-dynamique-blog-article-2-fr.htm\" target=\"_blank\" rel=\"noopener\">dynamische und posturale Fu\u00dfrehabilitation<\/a>,<br \/>\n<a href=\"https:\/\/www.cliniqueops.com\/semelles-orthopediques\/pourquoi-nos-pieds-ont-besoin-deaide-et-des-semelles-orthopediques-blog-article-9-fr.htm\" target=\"_blank\" rel=\"noopener\">Warum unsere F\u00fc\u00dfe Hilfe brauchen<\/a>,<br \/>\n<a href=\"https:\/\/www.cliniqueops.com\/semelles-orthopediques\/les-sequelles-du-port-prolonge-de-semelles-orthopediques-passives-blog-article-3-fr.htm\" target=\"_blank\" rel=\"noopener\">langfristige Auswirkungen passiver orthop\u00e4discher Einlagen<\/a>,<br \/>\n<a href=\"https:\/\/www.cliniqueops.com\/semelles-orthopediques\/peut-on-se-passer-definitivement-de-semelles-orthopediques-e-blog-article-5-fr.htm\" target=\"_blank\" rel=\"noopener\">Kann man auf orthop\u00e4dische Einlagen verzichten?<\/a>,<br \/>\n<a href=\"https:\/\/www.cliniqueops.com\/semelles-orthopediques\/muscle-piriforme-et-sciatalgies-blog-article-19-fr.htm\" target=\"_blank\" rel=\"noopener\">Piriformis-Muskel und Ischiasschmerzen<\/a>,<br \/>\n<a href=\"https:\/\/www.cliniqueops.com\/pathologies-posturales\/douleurs-de-genou-syndrome-de-leessuie-glace-blog-article-11-fr.htm\" target=\"_blank\" rel=\"noopener\">Tractus-iliotibialis-Syndrom (TFL)<\/a>,<br \/>\n<a href=\"https:\/\/www.cliniqueops.com\/pathologies-posturales\/logiciel-de-la-posture-3d-et-d-analyse-du-mouvement-clinique-ops-blog-article-23-fr.htm\" target=\"_blank\" rel=\"noopener\">3D-Haltungsanalyse<\/a>.<\/li>\n<li><strong>Das OPS Magazin<\/strong>:<br \/>\n<a href=\"https:\/\/www.cliniqueops.com\/magazines\/magazine_ops\/#4\" target=\"_blank\" rel=\"noopener\">R\u00fcckenschmerzen<\/a>,<br \/>\n<a href=\"https:\/\/www.cliniqueops.com\/magazines\/magazine_ops\/#16\" target=\"_blank\" rel=\"noopener\">verschiedene orthop\u00e4dische Einlagen<\/a>,<br \/>\n<a href=\"https:\/\/www.cliniqueops.com\/magazines\/magazine_ops\/#18\" target=\"_blank\" rel=\"noopener\">Kinderf\u00fc\u00dfe<\/a>,<br \/>\n<a href=\"https:\/\/www.cliniqueops.com\/magazines\/magazine_ops\/#24\" target=\"_blank\" rel=\"noopener\">Ehlers-Danlos-Syndrom und Fibromyalgie<\/a>.<\/li>\n<\/ul>\n<\/div>\n","protected":false},"excerpt":{"rendered":"<div class=\"container-first-desc-product\">\n<p>Posturale Einlage Tedop: Verbesserte Haltung, reduzierte Schmerzen, Muskelstimulation und D\u00e4mpfung. Ideal f\u00fcr empfindliche F\u00fc\u00dfe und elegante Schuhe. CE-zertifiziert.<\/p>\n<\/div>\n","protected":false},"featured_media":3849,"template":"","meta":{"_seopress_robots_primary_cat":"","_seopress_titles_title":"","_seopress_titles_desc":"","_seopress_robots_index":"","site-sidebar-layout":"default","site-content-layout":"","ast-site-content-layout":"default","site-content-style":"default","site-sidebar-style":"default","ast-global-header-display":"","ast-banner-title-visibility":"","ast-main-header-display":"","ast-hfb-above-header-display":"","ast-hfb-below-header-display":"","ast-hfb-mobile-header-display":"","site-post-title":"","ast-breadcrumbs-content":"","ast-featured-img":"","footer-sml-layout":"","ast-disable-related-posts":"","theme-transparent-header-meta":"default","adv-header-id-meta":"","stick-header-meta":"","header-above-stick-meta":"","header-main-stick-meta":"","header-below-stick-meta":"","astra-migrate-meta-layouts":"default","ast-page-background-enabled":"default","ast-page-background-meta":{"desktop":{"background-color":"var(--ast-global-color-4)","background-image":"","background-repeat":"repeat","background-position":"center center","background-size":"auto","background-attachment":"scroll","background-type":"","background-media":"","overlay-type":"","overlay-color":"","overlay-opacity":"","overlay-gradient":""},"tablet":{"background-color":"","background-image":"","background-repeat":"repeat","background-position":"center center","background-size":"auto","background-attachment":"scroll","background-type":"","background-media":"","overlay-type":"","overlay-color":"","overlay-opacity":"","overlay-gradient":""},"mobile":{"background-color":"","background-image":"","background-repeat":"repeat","background-position":"center center","background-size":"auto","background-attachment":"scroll","background-type":"","background-media":"","overlay-type":"","overlay-color":"","overlay-opacity":"","overlay-gradient":""}},"ast-content-background-meta":{"desktop":{"background-color":"var(--ast-global-color-5)","background-image":"","background-repeat":"repeat","background-position":"center center","background-size":"auto","background-attachment":"scroll","background-type":"","background-media":"","overlay-type":"","overlay-color":"","overlay-opacity":"","overlay-gradient":""},"tablet":{"background-color":"var(--ast-global-color-5)","background-image":"","background-repeat":"repeat","background-position":"center center","background-size":"auto","background-attachment":"scroll","background-type":"","background-media":"","overlay-type":"","overlay-color":"","overlay-opacity":"","overlay-gradient":""},"mobile":{"background-color":"var(--ast-global-color-5)","background-image":"","background-repeat":"repeat","background-position":"center center","background-size":"auto","background-attachment":"scroll","background-type":"","background-media":"","overlay-type":"","overlay-color":"","overlay-opacity":"","overlay-gradient":""}}},"product_brand":[],"product_cat":[68],"product_tag":[],"class_list":{"0":"post-4330","1":"product","2":"type-product","3":"status-publish","4":"has-post-thumbnail","6":"product_cat-orthopadische-einlagen","7":"desktop-align-center","8":"tablet-align-left","9":"mobile-align-left","11":"first","12":"instock","13":"taxable","14":"shipping-taxable","15":"purchasable","16":"product-type-variable"},"_links":{"self":[{"href":"https:\/\/posturoshop.com\/de\/wp-json\/wp\/v2\/product\/4330","targetHints":{"allow":["GET"]}}],"collection":[{"href":"https:\/\/posturoshop.com\/de\/wp-json\/wp\/v2\/product"}],"about":[{"href":"https:\/\/posturoshop.com\/de\/wp-json\/wp\/v2\/types\/product"}],"wp:featuredmedia":[{"embeddable":true,"href":"https:\/\/posturoshop.com\/de\/wp-json\/wp\/v2\/media\/3849"}],"wp:attachment":[{"href":"https:\/\/posturoshop.com\/de\/wp-json\/wp\/v2\/media?parent=4330"}],"wp:term":[{"taxonomy":"product_brand","embeddable":true,"href":"https:\/\/posturoshop.com\/de\/wp-json\/wp\/v2\/product_brand?post=4330"},{"taxonomy":"product_cat","embeddable":true,"href":"https:\/\/posturoshop.com\/de\/wp-json\/wp\/v2\/product_cat?post=4330"},{"taxonomy":"product_tag","embeddable":true,"href":"https:\/\/posturoshop.com\/de\/wp-json\/wp\/v2\/product_tag?post=4330"}],"curies":[{"name":"wp","href":"https:\/\/api.w.org\/{rel}","templated":true}]}}