{"id":4451,"date":"2024-06-26T15:52:46","date_gmt":"2024-06-26T13:52:46","guid":{"rendered":"https:\/\/posturoshop.com\/boutique\/kinepod-actieve-gebitsbeschermer-junior\/"},"modified":"2024-06-26T15:52:46","modified_gmt":"2024-06-26T13:52:46","slug":"kinepod-actieve-gebitsbeschermer-junior","status":"publish","type":"product","link":"https:\/\/posturoshop.com\/nl\/produit\/kinepod-actieve-gebitsbeschermer-junior\/","title":{"rendered":"Kin\u00e9pod Actieve Gebitsbeschermer Junior"},"content":{"rendered":"<div class=\"container-desc-product\">\n<h3>Een eenvoudige en effectieve oplossing voor kinderen<\/h3>\n<p>De Kin\u00e9pod JUNIOR Actieve Mondorthese is ontworpen om de mondgezondheid van kinderen te verbeteren. Deze gebitsbeschermer is <strong>gepatenteerd als een medisch apparaat met CE-certificering (klasse 1)<\/strong>.<\/p>\n<p>Het werkt op:<\/p>\n<ul>\n<li>Snurken<\/li>\n<li>Tandenknarsen (bruxisme)<\/li>\n<li>Ontspanning van de kaak<\/li>\n<li>Versterking van de mondspieren<\/li>\n<li>Houding<\/li>\n<li>Hoofdpijn<\/li>\n<li>Bescherming van de tanden tijdens het sporten<\/li>\n<\/ul>\n<p>Gemaakt van zacht materiaal, bevordert het de ademhaling door de neus dankzij het gesloten ontwerp aan de voorkant.<\/p>\n<hr \/>\n<h3>Hoe te gebruiken?<\/h3>\n<h4>Passieve modus<\/h4>\n<ul>\n<li>Draag het tijdens rust om de kaak te ontspannen.<\/li>\n<\/ul>\n<h4>Actieve modus<\/h4>\n<ul>\n<li>Doe eenvoudige oefeningen, van 5 tot 20 minuten per dag:\n<ul>\n<li>Kauw zachtjes.<\/li>\n<li>Beweeg de kaak van voor naar achter.<\/li>\n<li>Beweeg de kaak van links naar rechts.<\/li>\n<\/ul>\n<\/li>\n<\/ul>\n<p><strong>Tip:<\/strong> Gebruik het regelmatig om de spieren te versterken en de houding te verbeteren.<\/p>\n<hr \/>\n<h3>Raad aanbevolen door experts<\/h3>\n<ul>\n<li><strong>Tandartsen<\/strong>: Om de uitlijning van de tanden te corrigeren.<\/li>\n<li><strong>Logopedisten<\/strong>: Om spraak en ademhaling te verbeteren.<\/li>\n<li><strong>Fysiotherapeuten<\/strong>: Om de houding te verbeteren.<\/li>\n<li><strong>Osteopaten<\/strong>: Om houdingsblokkades te verlichten.<\/li>\n<\/ul>\n<hr \/>\n<h3>Praktische informatie<\/h3>\n<ul>\n<li>Gemaakt van <strong>medische siliconen<\/strong>, zonder bisfenol of ftalaten.<\/li>\n<li>Wordt geleverd met een handige hoes.<\/li>\n<\/ul>\n<hr \/>\n<h3>Contra-indicaties<\/h3>\n<p>Deze gebitsbeschermer is niet geschikt als het kind:<\/p>\n<ul>\n<li>Epileptische aanvallen heeft.<\/li>\n<li>Kwetsbare of losse tanden heeft.<\/li>\n<li>Grote kaakmisvormingen heeft.<\/li>\n<\/ul>\n<p><strong>Raadpleeg bij twijfel een tandarts.<\/strong><\/p>\n<p>Als u moeite heeft om te bepalen welk model het beste bij u past, vindt u hier een gids: <strong><a href=\"https:\/\/posturoshop.com\/wp-content\/uploads\/2025\/01\/posturoshop-quelle-gouttiere-choisir.pdf\" target=\"_blank\" rel=\"noreferrer noopener\">Welke actieve gebitsbeschermer kiezen?<\/a><\/strong><\/p>\n<hr \/>\n<h3>Voor meer informatie<\/h3>\n<p>Ontdek alles over de <strong>Kin\u00e9pod Actieve Gebitsbeschermer Junior<\/strong>:<\/p>\n<ul>\n<li>Brochure van de <a href=\"https:\/\/posturoshop.com\/wp-content\/uploads\/2025\/01\/brochure-orthese-buccale-kinepod.pdf\" target=\"_blank\" rel=\"noreferrer noopener\">Kinepod Actieve Mondorthese<\/a>.<\/li>\n<li><strong>De Kin\u00e9pod website:<\/strong> <a href=\"https:\/\/www.kinepod.com\/gouttiere-dentaire\/\" target=\"_blank\" rel=\"noreferrer noopener\">de gebitsactivators<\/a>, <a href=\"https:\/\/www.kinepod.com\/gouttiere-dentaire\/orthese-anti-ronflement\/\" target=\"_blank\" rel=\"noreferrer noopener\">anti-snurk gebitsbeschermer<\/a>, <a href=\"https:\/\/www.kinepod.com\/gouttiere-dentaire\/gouttiere-dentaire-anti-bruxisme\/\" target=\"_blank\" rel=\"noreferrer noopener\">anti-bruxisme gebitsbeschermer (tegen tandenknarsen)<\/a>, <a href=\"https:\/\/www.kinepod.com\/gouttiere-dentaire\/sport\/\" target=\"_blank\" rel=\"noreferrer noopener\">sport gebitsbeschermer<\/a>.<\/li>\n<li><strong>De blog van de <a href=\"https:\/\/www.gouttiere-dentaire.com\/\" target=\"_blank\" rel=\"noreferrer noopener\">Goutti\u00e8re Dentaire<\/a>:<\/strong> <a href=\"https:\/\/tetine-sucette-orthodontique-physiologique.over-blog.com\/pages\/comment-prevenir-ou-corriger-des-dysfonctions-orthodontiques\" target=\"_blank\" rel=\"noreferrer noopener\">orthodontische correctie<\/a>, <a href=\"https:\/\/www.gouttiere-dentaire.com\/2020\/03\/comment-combattre-le-ronflement\" target=\"_blank\" rel=\"noreferrer noopener\">anti-snurken<\/a>, <a href=\"https:\/\/www.gouttiere-dentaire.com\/pages\/action-posturale-de-l-orthese-buccale-active-kinepod-gouttiere-dentaire-active-et-posture.notre-avis\" target=\"_blank\" rel=\"noreferrer noopener\">werking op de houding<\/a>, <a href=\"https:\/\/www.gouttiere-dentaire.com\/2021\/05\/donnez-votre-avis-sur-les-produits-kinepod-semelles-orthopediques-gouttieres-dentaires.html\" target=\"_blank\" rel=\"noreferrer noopener\">beoordelingen over de actieve Kin\u00e9pod gebitsbeschermer<\/a>.<\/li>\n<li><strong>Wetenschappelijke artikelen van <a href=\"https:\/\/www.cliniqueops.com\/gouttiere-dentaire-blog-1-fr.htm\" target=\"_blank\" rel=\"noreferrer noopener\">Clinique OPS<\/a>:<\/strong> <a href=\"https:\/\/www.cliniqueops.com\/gouttiere-dentaire\/gouttieres-dentaires-active-activateurs-buccaux-qui-ameliorent-la-posture-blog-article-41-fr.htm\" target=\"_blank\" rel=\"noreferrer noopener\">dental activator en houding<\/a>, <a href=\"https:\/\/www.cliniqueops.com\/gouttiere-dentaire\/comment-combattre-le-ronflement-avec-une-gouttiere-dentaire-e-blog-article-15-fr.htm\" target=\"_blank\" rel=\"noreferrer noopener\">snurken bestrijden<\/a>, <a href=\"https:\/\/www.cliniqueops.com\/gouttiere-dentaire\/grincement-de-dents-et-gouttiere-dentaire-blog-article-16-fr.htm\" target=\"_blank\" rel=\"noreferrer noopener\">tandenknarsen tegengaan<\/a>, <a href=\"https:\/\/www.cliniqueops.com\/gouttiere-dentaire\/regulation-des-dysfonctions-maxillo-faciales-de-leenfant-blog-article-1-fr.htm\" target=\"_blank\" rel=\"noreferrer noopener\">regulering van maxillofaciale disfuncties<\/a>, <a href=\"https:\/\/www.cliniqueops.com\/magazines\/magazine_ops\/#20\" target=\"_blank\" rel=\"noreferrer noopener\">Mag OPS<\/a> (<a href=\"https:\/\/www.cliniqueops.com\/magazines\/magazine_ops\/#20\" target=\"_blank\" rel=\"noreferrer noopener\">tandenknarsen<\/a>, <a href=\"https:\/\/www.cliniqueops.com\/magazines\/magazine_ops\/#22\" target=\"_blank\" rel=\"noreferrer noopener\">snurken<\/a>), <a href=\"https:\/\/www.cliniqueops.com\/gouttieres-dentaires-bruxisme-ronflement.htm\" target=\"_blank\" rel=\"noreferrer noopener\">OPS mondactivators<\/a>, <strong>p<a href=\"https:\/\/www.cliniqueops.com\/gouttieres-dentaires-bruxisme-ronflement.htm\" target=\"_blank\" rel=\"noreferrer noopener\">ourquoi les goutti\u00e8res dentaires Kin\u00e9pod et Tedop sont les meilleures sur le march\u00e9 m\u00e9dicale ? D\u00e9couvrez leurs caract\u00e9ristiques exclusives (brevet\u00e9es) en d\u00e9tail !<\/a><\/strong><\/li>\n<\/ul>\n<\/div>\n","protected":false},"excerpt":{"rendered":"<div class=\"container-first-desc-product\">\n<p>Gepatenteerde oplossing voor kinderen. Het vermindert onder andere snurken, bruxisme, verbetert de houding en de mond- en maxillofaciale gezondheid van uw kind.<\/p>\n<p>Onze gebitsbeschermer is <strong>CE-gecertificeerd<\/strong> (klasse 1), gemaakt van medische siliconen.<\/p>\n<\/div>\n","protected":false},"featured_media":7055,"template":"","meta":{"_seopress_robots_primary_cat":"","_seopress_titles_title":"","_seopress_titles_desc":"","_seopress_robots_index":"","site-sidebar-layout":"default","site-content-layout":"","ast-site-content-layout":"default","site-content-style":"default","site-sidebar-style":"default","ast-global-header-display":"","ast-banner-title-visibility":"","ast-main-header-display":"","ast-hfb-above-header-display":"","ast-hfb-below-header-display":"","ast-hfb-mobile-header-display":"","site-post-title":"","ast-breadcrumbs-content":"","ast-featured-img":"","footer-sml-layout":"","ast-disable-related-posts":"","theme-transparent-header-meta":"default","adv-header-id-meta":"","stick-header-meta":"","header-above-stick-meta":"","header-main-stick-meta":"","header-below-stick-meta":"","astra-migrate-meta-layouts":"default","ast-page-background-enabled":"default","ast-page-background-meta":{"desktop":{"background-color":"var(--ast-global-color-4)","background-image":"","background-repeat":"repeat","background-position":"center center","background-size":"auto","background-attachment":"scroll","background-type":"","background-media":"","overlay-type":"","overlay-color":"","overlay-opacity":"","overlay-gradient":""},"tablet":{"background-color":"","background-image":"","background-repeat":"repeat","background-position":"center center","background-size":"auto","background-attachment":"scroll","background-type":"","background-media":"","overlay-type":"","overlay-color":"","overlay-opacity":"","overlay-gradient":""},"mobile":{"background-color":"","background-image":"","background-repeat":"repeat","background-position":"center center","background-size":"auto","background-attachment":"scroll","background-type":"","background-media":"","overlay-type":"","overlay-color":"","overlay-opacity":"","overlay-gradient":""}},"ast-content-background-meta":{"desktop":{"background-color":"var(--ast-global-color-5)","background-image":"","background-repeat":"repeat","background-position":"center center","background-size":"auto","background-attachment":"scroll","background-type":"","background-media":"","overlay-type":"","overlay-color":"","overlay-opacity":"","overlay-gradient":""},"tablet":{"background-color":"var(--ast-global-color-5)","background-image":"","background-repeat":"repeat","background-position":"center center","background-size":"auto","background-attachment":"scroll","background-type":"","background-media":"","overlay-type":"","overlay-color":"","overlay-opacity":"","overlay-gradient":""},"mobile":{"background-color":"var(--ast-global-color-5)","background-image":"","background-repeat":"repeat","background-position":"center center","background-size":"auto","background-attachment":"scroll","background-type":"","background-media":"","overlay-type":"","overlay-color":"","overlay-opacity":"","overlay-gradient":""}}},"product_brand":[],"product_cat":[88],"product_tag":[],"class_list":{"0":"post-4451","1":"product","2":"type-product","3":"status-publish","4":"has-post-thumbnail","6":"product_cat-gebitsbeschermer","7":"desktop-align-center","8":"tablet-align-left","9":"mobile-align-left","11":"first","12":"instock","13":"taxable","14":"shipping-taxable","15":"purchasable","16":"product-type-simple"},"_links":{"self":[{"href":"https:\/\/posturoshop.com\/nl\/wp-json\/wp\/v2\/product\/4451","targetHints":{"allow":["GET"]}}],"collection":[{"href":"https:\/\/posturoshop.com\/nl\/wp-json\/wp\/v2\/product"}],"about":[{"href":"https:\/\/posturoshop.com\/nl\/wp-json\/wp\/v2\/types\/product"}],"wp:featuredmedia":[{"embeddable":true,"href":"https:\/\/posturoshop.com\/nl\/wp-json\/wp\/v2\/media\/7055"}],"wp:attachment":[{"href":"https:\/\/posturoshop.com\/nl\/wp-json\/wp\/v2\/media?parent=4451"}],"wp:term":[{"taxonomy":"product_brand","embeddable":true,"href":"https:\/\/posturoshop.com\/nl\/wp-json\/wp\/v2\/product_brand?post=4451"},{"taxonomy":"product_cat","embeddable":true,"href":"https:\/\/posturoshop.com\/nl\/wp-json\/wp\/v2\/product_cat?post=4451"},{"taxonomy":"product_tag","embeddable":true,"href":"https:\/\/posturoshop.com\/nl\/wp-json\/wp\/v2\/product_tag?post=4451"}],"curies":[{"name":"wp","href":"https:\/\/api.w.org\/{rel}","templated":true}]}}