{"id":4455,"date":"2024-06-26T15:39:49","date_gmt":"2024-06-26T13:39:49","guid":{"rendered":"https:\/\/posturoshop.com\/boutique\/kinepod-actieve-oogplaat\/"},"modified":"2024-06-26T15:39:49","modified_gmt":"2024-06-26T13:39:49","slug":"kinepod-actieve-oogplaat","status":"publish","type":"product","link":"https:\/\/posturoshop.com\/nl\/produit\/kinepod-actieve-oogplaat\/","title":{"rendered":"Kin\u00e9pod Actieve Oogplaat"},"content":{"rendered":"<div class=\"container-desc-product\">\n<h3>Ontdek de Kin\u00e9pod Actieve Oogplaat<\/h3>\n<p><strong>Versterk uw ogen en verbeter uw houding<\/strong><\/p>\n<p>De <strong>Kin\u00e9pod Actieve Oogplaat<\/strong> wordt gebruikt bij orthoptische revalidatie.<\/p>\n<p>Het draagt actief bij aan:<\/p>\n<ul>\n<li>Het versterken van de oogspieren.<\/li>\n<li>Het verbeteren van de co\u00f6rdinatie en proprioceptie van de oogspieren.<\/li>\n<li>Het be\u00efnvloeden van de houding door middel van een revalidatie in een afdalende keten.<\/li>\n<\/ul>\n<hr \/>\n<h3> Twee niveaus van moeilijkheid<\/h3>\n<p><strong>Niveau A<\/strong>: Ideaal voor beginners of gebruikers die beginnen met revalidatie.<\/p>\n<p><strong>Niveau B<\/strong>: Aanbevolen voor ervaren gebruikers die op zoek zijn naar geavanceerd werk.<\/p>\n<hr \/>\n<h3>Hoe werkt de oogplaat?<\/h3>\n<ul>\n<li>Plaats de oogplaat recht voor de neus van de pati\u00ebnt, zowel <strong>horizontaal<\/strong> als <strong>verticaal<\/strong>, afhankelijk van de te trainen spieren.<\/li>\n<li>De pati\u00ebnt moet <strong>twee lijnen<\/strong> visualiseren die elkaar kruisen op twee punten van dezelfde kleur.<\/li>\n<li>Het doel: Verplaats de kruising van de lijnen naar andere punten om de convergentie en divergentie van de ogen te trainen.<\/li>\n<\/ul>\n<hr \/>\n<h3>Tips voor beginners<\/h3>\n<ol>\n<li>Begin met de <strong>centrale lijn<\/strong> voor een gemakkelijke voortgang.<\/li>\n<li>Ga daarna naar de andere lijnen: boven, onder, rechts, links, om de moeilijkheid te verhogen.<\/li>\n<li>Werk <strong>maximaal 20 minuten per dag<\/strong>.<\/li>\n<\/ol>\n<hr \/>\n<h3>Tips voor moeilijkheden<\/h3>\n<p>Als de pati\u00ebnt de lijnen niet kan kruisen (ze ziet ze afzonderlijk), begin dan met werken met <strong>\u00e9\u00e9n oog<\/strong>. Bedek of sluit het andere oog om de oefening te vergemakkelijken.<\/p>\n<hr \/>\n<h3>Praktische informatie<\/h3>\n<ul>\n<li><strong>CE-gecertificeerd, klasse 1<\/strong>: Veilige en erkende medische hulpmiddelen.<\/li>\n<li><strong>Gebruikstijd<\/strong>: Maximaal 20 minuten per dag voor optimale resultaten.<\/li>\n<\/ul>\n<hr \/>\n<h3>Meer weten<\/h3>\n<p>Ontdek alles over de Kin\u00e9pod Actieve Oogplaat:<\/p>\n<ul>\n<li><strong>Productbrochure<\/strong>: <a href=\"https:\/\/posturoshop.com\/wp-content\/uploads\/2025\/01\/brochure-planche-oculaire-kinepod.pdf\" target=\"_blank\" rel=\"noopener\">Gedetailleerde uitleg en gebruik<\/a>.<\/li>\n<li><strong>Kin\u00e9pod website<\/strong>: <a href=\"https:\/\/www.kinepod.com\/reeducation-yeux-planche-oculaire\/\" target=\"_blank\" rel=\"noopener\">Informatie over oogactivatoren<\/a>.<\/li>\n<li><strong>Posturologie blog<\/strong>: <a href=\"https:\/\/www.posture-posturologie.com\/pages\/la-planche-oculaire-active-kinepod-un-outil-de-reeducation-en-orthoptie.notre-avis\" target=\"_blank\" rel=\"noopener\">Tips om de houding te verbeteren met de orthoptische plaat<\/a>.<\/li>\n<li><strong>Artikelen van Clinique OPS<\/strong>: <a href=\"https:\/\/www.cliniqueops.com\/reeducation-yeux-orthoptie.htm\" target=\"_blank\" rel=\"noopener\">Oogactivatoren<\/a>,<\/li>\n<li><strong>Mag OPS:<\/strong> <a href=\"https:\/\/www.cliniqueops.com\/magazines\/magazine_ops\/#8\" target=\"_blank\" rel=\"noopener\">Hoofdpijn, nekpijn en houding?<\/a><\/li>\n<\/ul>\n<\/div>\n","protected":false},"excerpt":{"rendered":"<div class=\"container-first-desc-product\">\n<p>Kin\u00e9pod Actieve Oogplaat: Revalidatie van de oogspieren, verbetering van de houding en co\u00f6rdinatie. 2 niveaus beschikbaar voor beginners en ervaren gebruikers.<\/p>\n<\/div>\n","protected":false},"featured_media":7525,"template":"","meta":{"_seopress_robots_primary_cat":"","_seopress_titles_title":"","_seopress_titles_desc":"","_seopress_robots_index":"","site-sidebar-layout":"default","site-content-layout":"","ast-site-content-layout":"default","site-content-style":"default","site-sidebar-style":"default","ast-global-header-display":"","ast-banner-title-visibility":"","ast-main-header-display":"","ast-hfb-above-header-display":"","ast-hfb-below-header-display":"","ast-hfb-mobile-header-display":"","site-post-title":"","ast-breadcrumbs-content":"","ast-featured-img":"","footer-sml-layout":"","ast-disable-related-posts":"","theme-transparent-header-meta":"default","adv-header-id-meta":"","stick-header-meta":"","header-above-stick-meta":"","header-main-stick-meta":"","header-below-stick-meta":"","astra-migrate-meta-layouts":"default","ast-page-background-enabled":"default","ast-page-background-meta":{"desktop":{"background-color":"var(--ast-global-color-4)","background-image":"","background-repeat":"repeat","background-position":"center center","background-size":"auto","background-attachment":"scroll","background-type":"","background-media":"","overlay-type":"","overlay-color":"","overlay-opacity":"","overlay-gradient":""},"tablet":{"background-color":"","background-image":"","background-repeat":"repeat","background-position":"center center","background-size":"auto","background-attachment":"scroll","background-type":"","background-media":"","overlay-type":"","overlay-color":"","overlay-opacity":"","overlay-gradient":""},"mobile":{"background-color":"","background-image":"","background-repeat":"repeat","background-position":"center center","background-size":"auto","background-attachment":"scroll","background-type":"","background-media":"","overlay-type":"","overlay-color":"","overlay-opacity":"","overlay-gradient":""}},"ast-content-background-meta":{"desktop":{"background-color":"var(--ast-global-color-5)","background-image":"","background-repeat":"repeat","background-position":"center center","background-size":"auto","background-attachment":"scroll","background-type":"","background-media":"","overlay-type":"","overlay-color":"","overlay-opacity":"","overlay-gradient":""},"tablet":{"background-color":"var(--ast-global-color-5)","background-image":"","background-repeat":"repeat","background-position":"center center","background-size":"auto","background-attachment":"scroll","background-type":"","background-media":"","overlay-type":"","overlay-color":"","overlay-opacity":"","overlay-gradient":""},"mobile":{"background-color":"var(--ast-global-color-5)","background-image":"","background-repeat":"repeat","background-position":"center center","background-size":"auto","background-attachment":"scroll","background-type":"","background-media":"","overlay-type":"","overlay-color":"","overlay-opacity":"","overlay-gradient":""}}},"product_brand":[],"product_cat":[89],"product_tag":[],"class_list":{"0":"post-4455","1":"product","2":"type-product","3":"status-publish","4":"has-post-thumbnail","6":"product_cat-orthoptie-nl","7":"desktop-align-center","8":"tablet-align-left","9":"mobile-align-left","11":"first","12":"instock","13":"taxable","14":"shipping-taxable","15":"purchasable","16":"product-type-variable"},"_links":{"self":[{"href":"https:\/\/posturoshop.com\/nl\/wp-json\/wp\/v2\/product\/4455","targetHints":{"allow":["GET"]}}],"collection":[{"href":"https:\/\/posturoshop.com\/nl\/wp-json\/wp\/v2\/product"}],"about":[{"href":"https:\/\/posturoshop.com\/nl\/wp-json\/wp\/v2\/types\/product"}],"wp:featuredmedia":[{"embeddable":true,"href":"https:\/\/posturoshop.com\/nl\/wp-json\/wp\/v2\/media\/7525"}],"wp:attachment":[{"href":"https:\/\/posturoshop.com\/nl\/wp-json\/wp\/v2\/media?parent=4455"}],"wp:term":[{"taxonomy":"product_brand","embeddable":true,"href":"https:\/\/posturoshop.com\/nl\/wp-json\/wp\/v2\/product_brand?post=4455"},{"taxonomy":"product_cat","embeddable":true,"href":"https:\/\/posturoshop.com\/nl\/wp-json\/wp\/v2\/product_cat?post=4455"},{"taxonomy":"product_tag","embeddable":true,"href":"https:\/\/posturoshop.com\/nl\/wp-json\/wp\/v2\/product_tag?post=4455"}],"curies":[{"name":"wp","href":"https:\/\/api.w.org\/{rel}","templated":true}]}}